{"id":2471,"date":"2025-12-13T15:33:46","date_gmt":"2025-12-13T13:33:46","guid":{"rendered":"https:\/\/www.thaibarcelona.es\/?page_id=2471"},"modified":"2025-12-13T15:49:54","modified_gmt":"2025-12-13T13:49:54","slug":"terms-and-conditions-of-purchase","status":"publish","type":"page","link":"https:\/\/www.thaibarcelona.es\/en\/terms-and-conditions-of-purchase\/","title":{"rendered":"Cancellation policy"},"content":{"rendered":"<div data-elementor-type=\"wp-page\" data-elementor-id=\"2471\" class=\"elementor elementor-2471\" data-elementor-post-type=\"page\">\n\t\t\t\t\t\t<section class=\"elementor-section elementor-top-section elementor-element elementor-element-b04cc9b elementor-section-boxed elementor-section-height-default elementor-section-height-default\" data-id=\"b04cc9b\" data-element_type=\"section\" data-settings=\"{&quot;background_background&quot;:&quot;classic&quot;}\">\n\t\t\t\t\t\t<div class=\"elementor-container elementor-column-gap-default\">\n\t\t\t\t\t<div class=\"elementor-column elementor-col-100 elementor-top-column elementor-element elementor-element-f577961\" data-id=\"f577961\" data-element_type=\"column\">\n\t\t\t<div class=\"elementor-widget-wrap elementor-element-populated\">\n\t\t\t\t\t\t<div class=\"elementor-element elementor-element-3e1198f elementor-widget elementor-widget-heading\" data-id=\"3e1198f\" data-element_type=\"widget\" data-widget_type=\"heading.default\">\n\t\t\t\t<div class=\"elementor-widget-container\">\n\t\t\t\t\t<h1 class=\"elementor-heading-title elementor-size-default\">Terms and conditions of purchase<\/h1>\t\t\t\t<\/div>\n\t\t\t\t<\/div>\n\t\t\t\t\t<\/div>\n\t\t<\/div>\n\t\t\t\t\t<\/div>\n\t\t<\/section>\n\t\t\t\t<section class=\"elementor-section elementor-top-section elementor-element elementor-element-d29f8f1 elementor-section-boxed elementor-section-height-default elementor-section-height-default\" data-id=\"d29f8f1\" data-element_type=\"section\" data-settings=\"{&quot;background_background&quot;:&quot;classic&quot;}\">\n\t\t\t\t\t\t\t<div class=\"elementor-background-overlay\"><\/div>\n\t\t\t\t\t\t\t<div class=\"elementor-container elementor-column-gap-default\">\n\t\t\t\t\t<div class=\"elementor-column elementor-col-100 elementor-top-column elementor-element elementor-element-b9d6d56\" data-id=\"b9d6d56\" data-element_type=\"column\">\n\t\t\t<div class=\"elementor-widget-wrap elementor-element-populated\">\n\t\t\t\t\t\t<div class=\"elementor-element elementor-element-1dff444 animated-slow elementor-widget elementor-widget-text-editor\" data-id=\"1dff444\" data-element_type=\"widget\" data-settings=\"{&quot;_animation&quot;:&quot;none&quot;}\" data-widget_type=\"text-editor.default\">\n\t\t\t\t<div class=\"elementor-widget-container\">\n\t\t\t\t\t\t\t\t\t<p class=\"p1\">This document governs the terms and conditions of purchase of products and services offered through the website <span class=\"s1\"><b>www.thaibarcelona.es<\/b><\/span>, owned by <span class=\"s1\"><b>THAI CONSULTANT PARTNERS BARCELONA SL<\/b><\/span>.<\/p>\n<p class=\"p1\">Making a purchase through this website implies full acceptance of these terms and conditions.<\/p>\n<p class=\"p1\"><br><\/p>\n<p class=\"p3\"><b>1. Nature of the products offered<\/b><b><\/b><\/p>\n<p class=\"p1\">The products available for purchase in the Thai Barcelona online store are exclusively food services. All purchased products are delivered via the automatic issuance of a gift voucher, which entitles the holder to enjoy the contracted service.&nbsp;<span style=\"font-style: inherit; font-weight: inherit;\">No physical products or downloadable digital content are sold.<\/span><\/p>\n<p class=\"p1\"><br><\/p>\n<p class=\"p3\"><b>2. Sale of alcoholic beverages to minors under 18 years of age<\/b><b><\/b><\/p>\n<p class=\"p1\">This merchant agrees not to allow any transaction that is illegal, or that is considered by credit card brands or the acquiring bank to be potentially damaging to their goodwill or to negatively influence them.<\/p>\n<p class=\"p1\">The following activities are prohibited under the card brand programs: the sale or offering of any product or service that is not in full compliance with all laws applicable to the Buyer, Issuing Bank, Merchant, Cardholder, or cards.<\/p>\n<p class=\"p1\">In addition, the following activities are also explicitly prohibited:<\/p>\n<p class=\"p1\">Sale of alcoholic beverages to minors under 18 years of age.<\/p>\n<p class=\"p1\"><br><\/p>\n<p class=\"p3\"><b>3. Purchase and confirmation process<\/b><b><\/b><\/p>\n<p class=\"p1\">The purchase is made through a secure payment system. Once payment is confirmed, the customer receives an order confirmation and the corresponding gift voucher is automatically generated.<\/p>\n<p class=\"p1\">The customer is responsible for verifying that the data entered during the purchase process is correct.<\/p>\n<p class=\"p1\"><br><\/p>\n<p class=\"p3\"><b>4. Prices and payment methods<\/b><b><\/b><\/p>\n<p class=\"p1\">All prices are shown in euros (\u20ac) and include legally applicable taxes.<\/p>\n<p class=\"p1\">Payments are made through a secure payment gateway, via bank card or Bizum, managed by an authorized financial institution.<\/p>\n<p class=\"p1\"><br><\/p>\n<p class=\"p3\"><b>5. Validity and conditions of use<\/b><b><\/b><\/p>\n<p class=\"p1\">All purchased products are valid for 180 days from the date of purchase.<\/p>\n<p class=\"p1\">The specific conditions of use, schedules, reservations and particularities of each product are detailed in the individual description of each product, and prevail over these general conditions.<\/p>\n<p class=\"p1\">The customer is responsible for managing the booking and use of the service within the indicated validity period.<\/p>\n<p class=\"p1\"><br><\/p>\n<p class=\"p3\"><b>6. Cancellations and right of withdrawal<\/b><b><\/b><\/p>\n<p class=\"p1\">In accordance with current consumer regulations, the right of withdrawal does not apply to services related to restaurant activities and experiences that have specific conditions and a specific validity period.<\/p>\n<p class=\"p1\">For this reason, once the purchase has been made, cancellations and refunds of the amount paid are not allowed.<\/p>\n<p class=\"p1\"><br><\/p>\n<p class=\"p3\"><b>7. Reprogramming<\/b><b><\/b><\/p>\n<p class=\"p1\">In the event that the customer is unable to enjoy the service on the initially planned date, rescheduling will be allowed within the validity period of 180 days, always subject to availability and the conditions of the contracted service.<\/p>\n<p class=\"p1\"><br><\/p>\n<p class=\"p3\"><b>8. Returns and refunds<\/b><b><\/b><\/p>\n<p class=\"p1\">Generally speaking, no refunds are given for purchased products.<\/p>\n<p class=\"p1\">In exceptional situations where the service cannot be provided due to causes attributable to the establishment or the collaborating center, a rescheduling of the service will be offered within the validity period of the voucher.<\/p>\n<p class=\"p1\">Only in exceptional and duly justified cases will a refund be considered, and each case will be analyzed individually.<\/p>\n<p class=\"p1\"><br><\/p>\n<p class=\"p3\"><b>9. Shipments<\/b><b><\/b><\/p>\n<p class=\"p1\">No physical or digital shipments are made. The products purchased correspond exclusively to services that are enjoyed in person using the gift voucher generated after purchase.<\/p>\n<p class=\"p1\"><br><\/p>\n<p class=\"p3\"><b>10. Customer service and incidents<\/b><b><\/b><\/p>\n<p class=\"p1\">For any questions related to the purchase, voucher use, rescheduling, or issues, the customer can contact Thai Barcelona through:<\/p>\n<p class=\"p3\"><span class=\"s2\">Email: <\/span><b>info@thaibarcelona.com<\/b><b><\/b><\/p>\n<p class=\"p3\"><span class=\"s2\">Phone: <\/span><b>934 87 98 98<\/b><b><\/b><\/p>\n<p class=\"p3\"><b><br><\/b><\/p>\n<p class=\"p3\"><b>11. Applicable legislation<\/b><b><\/b><\/p>\n<p class=\"p1\">These terms and conditions of purchase are governed by current Spanish law. Any dispute that may arise from the interpretation or application of these terms and conditions will be submitted to the competent courts and tribunals in accordance with applicable regulations.<\/p>\t\t\t\t\t\t\t\t<\/div>\n\t\t\t\t<\/div>\n\t\t\t\t\t<\/div>\n\t\t<\/div>\n\t\t\t\t\t<\/div>\n\t\t<\/section>\n\t\t\t\t<section class=\"elementor-section elementor-top-section elementor-element elementor-element-c420ada elementor-section-boxed elementor-section-height-default elementor-section-height-default elementor-invisible\" data-id=\"c420ada\" data-element_type=\"section\" data-settings=\"{&quot;background_background&quot;:&quot;classic&quot;,&quot;background_motion_fx_motion_fx_scrolling&quot;:&quot;yes&quot;,&quot;background_motion_fx_scale_effect&quot;:&quot;yes&quot;,&quot;background_motion_fx_scale_speed&quot;:{&quot;unit&quot;:&quot;px&quot;,&quot;size&quot;:3,&quot;sizes&quot;:[]},&quot;background_motion_fx_scale_range&quot;:{&quot;unit&quot;:&quot;%&quot;,&quot;size&quot;:&quot;&quot;,&quot;sizes&quot;:{&quot;start&quot;:0,&quot;end&quot;:100}},&quot;animation&quot;:&quot;fadeIn&quot;,&quot;background_motion_fx_scale_direction&quot;:&quot;out-in&quot;,&quot;background_motion_fx_devices&quot;:[&quot;desktop&quot;,&quot;tablet&quot;,&quot;mobile&quot;]}\">\n\t\t\t\t\t\t\t<div class=\"elementor-background-overlay\"><\/div>\n\t\t\t\t\t\t\t<div class=\"elementor-container elementor-column-gap-default\">\n\t\t\t\t\t<div class=\"elementor-column elementor-col-100 elementor-top-column elementor-element elementor-element-0613c72\" data-id=\"0613c72\" data-element_type=\"column\">\n\t\t\t<div class=\"elementor-widget-wrap elementor-element-populated\">\n\t\t\t\t\t\t<section class=\"elementor-section elementor-inner-section elementor-element elementor-element-a4d0d85 elementor-section-boxed elementor-section-height-default elementor-section-height-default\" data-id=\"a4d0d85\" data-element_type=\"section\">\n\t\t\t\t\t\t<div class=\"elementor-container elementor-column-gap-default\">\n\t\t\t\t\t<div class=\"elementor-column elementor-col-50 elementor-inner-column elementor-element elementor-element-1875b0f\" data-id=\"1875b0f\" data-element_type=\"column\">\n\t\t\t<div class=\"elementor-widget-wrap elementor-element-populated\">\n\t\t\t\t\t\t<div class=\"elementor-element elementor-element-c6d63e6 elementor-invisible elementor-widget elementor-widget-global elementor-global-1593 elementor-widget-heading\" data-id=\"c6d63e6\" data-element_type=\"widget\" data-settings=\"{&quot;motion_fx_motion_fx_scrolling&quot;:&quot;yes&quot;,&quot;_animation&quot;:&quot;fadeInUp&quot;,&quot;motion_fx_devices&quot;:[&quot;desktop&quot;,&quot;tablet&quot;,&quot;mobile&quot;]}\" data-widget_type=\"heading.default\">\n\t\t\t\t<div class=\"elementor-widget-container\">\n\t\t\t\t\t<h2 class=\"elementor-heading-title elementor-size-default\">Your culinary adventure awaits<\/h2>\t\t\t\t<\/div>\n\t\t\t\t<\/div>\n\t\t\t\t<div class=\"elementor-element elementor-element-b3f32d6 animated-slow elementor-invisible elementor-widget elementor-widget-global elementor-global-1596 elementor-widget-text-editor\" data-id=\"b3f32d6\" data-element_type=\"widget\" data-settings=\"{&quot;motion_fx_motion_fx_scrolling&quot;:&quot;yes&quot;,&quot;_animation&quot;:&quot;fadeInUp&quot;,&quot;motion_fx_devices&quot;:[&quot;desktop&quot;,&quot;tablet&quot;,&quot;mobile&quot;]}\" data-widget_type=\"text-editor.default\">\n\t\t\t\t<div class=\"elementor-widget-container\">\n\t\t\t\t\t\t\t\t\t<div class=\"card-body\"><p class=\"text-white opacity-75 aos-init aos-animate\" data-aos=\"fade-up\" data-aos-delay=\"100\">Secure your spot at Thai Barcelona and embark on an unforgettable gastronomic journey<\/p><\/div>\t\t\t\t\t\t\t\t<\/div>\n\t\t\t\t<\/div>\n\t\t\t\t<div class=\"elementor-element elementor-element-09b3dc1 elementor-mobile-align-left elementor-invisible elementor-widget elementor-widget-global elementor-global-1590 elementor-widget-button\" data-id=\"09b3dc1\" data-element_type=\"widget\" data-settings=\"{&quot;_animation&quot;:&quot;fadeInUp&quot;}\" data-widget_type=\"button.default\">\n\t\t\t\t<div class=\"elementor-widget-container\">\n\t\t\t\t\t\t\t\t\t<div class=\"elementor-button-wrapper\">\n\t\t\t\t\t<a class=\"elementor-button elementor-button-link elementor-size-sm\" href=\"https:\/\/www.thaibarcelona.es\/en\/contact\/\">\n\t\t\t\t\t\t<span class=\"elementor-button-content-wrapper\">\n\t\t\t\t\t\t\t\t\t<span class=\"elementor-button-text\">Contact<\/span>\n\t\t\t\t\t<\/span>\n\t\t\t\t\t<\/a>\n\t\t\t\t<\/div>\n\t\t\t\t\t\t\t\t<\/div>\n\t\t\t\t<\/div>\n\t\t\t\t\t<\/div>\n\t\t<\/div>\n\t\t\t\t<div class=\"elementor-column elementor-col-50 elementor-inner-column elementor-element elementor-element-09cc636\" data-id=\"09cc636\" data-element_type=\"column\">\n\t\t\t<div class=\"elementor-widget-wrap\">\n\t\t\t\t\t\t\t<\/div>\n\t\t<\/div>\n\t\t\t\t\t<\/div>\n\t\t<\/section>\n\t\t\t\t\t<\/div>\n\t\t<\/div>\n\t\t\t\t\t<\/div>\n\t\t<\/section>\n\t\t\t\t<\/div>","protected":false},"excerpt":{"rendered":"<p>T\u00e9rminos y condiciones de compra El presente documento regula las condiciones de compra de los productos y servicios ofrecidos a trav\u00e9s del sitio web www.thaibarcelona.es, titularidad de THAI CONSULTANT PARTNERS BARCELONA SL. La realizaci\u00f3n de una compra a trav\u00e9s de este sitio web implica la aceptaci\u00f3n plena de los presentes t\u00e9rminos y condiciones. 1. Naturaleza [&hellip;]<\/p>","protected":false},"author":1,"featured_media":0,"parent":0,"menu_order":0,"comment_status":"closed","ping_status":"closed","template":"","meta":{"site-sidebar-layout":"no-sidebar","site-content-layout":"plain-container","ast-site-content-layout":"full-width-container","site-content-style":"unboxed","site-sidebar-style":"unboxed","ast-global-header-display":"","ast-banner-title-visibility":"","ast-main-header-display":"","ast-hfb-above-header-display":"","ast-hfb-below-header-display":"","ast-hfb-mobile-header-display":"","site-post-title":"","ast-breadcrumbs-content":"","ast-featured-img":"","footer-sml-layout":"","theme-transparent-header-meta":"enabled","adv-header-id-meta":"","stick-header-meta":"","header-above-stick-meta":"","header-main-stick-meta":"","header-below-stick-meta":"","astra-migrate-meta-layouts":"set","ast-page-background-enabled":"default","ast-page-background-meta":{"desktop":{"background-color":"","background-image":"","background-repeat":"repeat","background-position":"center center","background-size":"auto","background-attachment":"scroll","background-type":"","background-media":"","overlay-type":"","overlay-color":"","overlay-opacity":"","overlay-gradient":""},"tablet":{"background-color":"","background-image":"","background-repeat":"repeat","background-position":"center center","background-size":"auto","background-attachment":"scroll","background-type":"","background-media":"","overlay-type":"","overlay-color":"","overlay-opacity":"","overlay-gradient":""},"mobile":{"background-color":"","background-image":"","background-repeat":"repeat","background-position":"center center","background-size":"auto","background-attachment":"scroll","background-type":"","background-media":"","overlay-type":"","overlay-color":"","overlay-opacity":"","overlay-gradient":""}},"ast-content-background-meta":{"desktop":{"background-color":"var(--ast-global-color-5)","background-image":"","background-repeat":"repeat","background-position":"center center","background-size":"auto","background-attachment":"scroll","background-type":"","background-media":"","overlay-type":"","overlay-color":"","overlay-opacity":"","overlay-gradient":""},"tablet":{"background-color":"var(--ast-global-color-5)","background-image":"","background-repeat":"repeat","background-position":"center center","background-size":"auto","background-attachment":"scroll","background-type":"","background-media":"","overlay-type":"","overlay-color":"","overlay-opacity":"","overlay-gradient":""},"mobile":{"background-color":"var(--ast-global-color-5)","background-image":"","background-repeat":"repeat","background-position":"center center","background-size":"auto","background-attachment":"scroll","background-type":"","background-media":"","overlay-type":"","overlay-color":"","overlay-opacity":"","overlay-gradient":""}},"footnotes":""},"class_list":["post-2471","page","type-page","status-publish","hentry"],"_links":{"self":[{"href":"https:\/\/www.thaibarcelona.es\/en\/wp-json\/wp\/v2\/pages\/2471","targetHints":{"allow":["GET"]}}],"collection":[{"href":"https:\/\/www.thaibarcelona.es\/en\/wp-json\/wp\/v2\/pages"}],"about":[{"href":"https:\/\/www.thaibarcelona.es\/en\/wp-json\/wp\/v2\/types\/page"}],"author":[{"embeddable":true,"href":"https:\/\/www.thaibarcelona.es\/en\/wp-json\/wp\/v2\/users\/1"}],"replies":[{"embeddable":true,"href":"https:\/\/www.thaibarcelona.es\/en\/wp-json\/wp\/v2\/comments?post=2471"}],"version-history":[{"count":15,"href":"https:\/\/www.thaibarcelona.es\/en\/wp-json\/wp\/v2\/pages\/2471\/revisions"}],"predecessor-version":[{"id":2491,"href":"https:\/\/www.thaibarcelona.es\/en\/wp-json\/wp\/v2\/pages\/2471\/revisions\/2491"}],"wp:attachment":[{"href":"https:\/\/www.thaibarcelona.es\/en\/wp-json\/wp\/v2\/media?parent=2471"}],"curies":[{"name":"wp","href":"https:\/\/api.w.org\/{rel}","templated":true}]}}