{"id":1750,"date":"2025-10-28T09:53:43","date_gmt":"2025-10-28T09:53:43","guid":{"rendered":"http:\/\/dyjnjww.cluster100.hosting.ovh.net\/?page_id=1750"},"modified":"2025-11-14T21:43:51","modified_gmt":"2025-11-14T21:43:51","slug":"cookie-policy","status":"publish","type":"page","link":"https:\/\/www.thaibarcelona.es\/en\/cookie-policy\/","title":{"rendered":"Cookies policy"},"content":{"rendered":"<div data-elementor-type=\"wp-page\" data-elementor-id=\"1750\" class=\"elementor elementor-1750\" data-elementor-post-type=\"page\">\n\t\t\t\t\t\t<section class=\"elementor-section elementor-top-section elementor-element elementor-element-b04cc9b elementor-section-boxed elementor-section-height-default elementor-section-height-default\" data-id=\"b04cc9b\" data-element_type=\"section\" data-settings=\"{&quot;background_background&quot;:&quot;classic&quot;}\">\n\t\t\t\t\t\t<div class=\"elementor-container elementor-column-gap-default\">\n\t\t\t\t\t<div class=\"elementor-column elementor-col-100 elementor-top-column elementor-element elementor-element-f577961\" data-id=\"f577961\" data-element_type=\"column\">\n\t\t\t<div class=\"elementor-widget-wrap elementor-element-populated\">\n\t\t\t\t\t\t<div class=\"elementor-element elementor-element-3e1198f elementor-widget elementor-widget-heading\" data-id=\"3e1198f\" data-element_type=\"widget\" data-widget_type=\"heading.default\">\n\t\t\t\t<div class=\"elementor-widget-container\">\n\t\t\t\t\t<h1 class=\"elementor-heading-title elementor-size-default\">Cookies policy<\/h1>\t\t\t\t<\/div>\n\t\t\t\t<\/div>\n\t\t\t\t\t<\/div>\n\t\t<\/div>\n\t\t\t\t\t<\/div>\n\t\t<\/section>\n\t\t\t\t<section class=\"elementor-section elementor-top-section elementor-element elementor-element-d29f8f1 elementor-section-boxed elementor-section-height-default elementor-section-height-default\" data-id=\"d29f8f1\" data-element_type=\"section\" data-settings=\"{&quot;background_background&quot;:&quot;classic&quot;}\">\n\t\t\t\t\t\t\t<div class=\"elementor-background-overlay\"><\/div>\n\t\t\t\t\t\t\t<div class=\"elementor-container elementor-column-gap-default\">\n\t\t\t\t\t<div class=\"elementor-column elementor-col-100 elementor-top-column elementor-element elementor-element-b9d6d56\" data-id=\"b9d6d56\" data-element_type=\"column\">\n\t\t\t<div class=\"elementor-widget-wrap elementor-element-populated\">\n\t\t\t\t\t\t<div class=\"elementor-element elementor-element-1dff444 animated-slow elementor-widget elementor-widget-text-editor\" data-id=\"1dff444\" data-element_type=\"widget\" data-settings=\"{&quot;_animation&quot;:&quot;none&quot;}\" data-widget_type=\"text-editor.default\">\n\t\t\t\t<div class=\"elementor-widget-container\">\n\t\t\t\t\t\t\t\t\t<p><strong>1. What are cookies?<\/strong><\/p><p>On the website www.thaibarcelona.es we use cookies to provide a better browsing experience, analyze website usage, and optimize our services. Cookies are small files that are stored on the user&#039;s device and allow us to remember technical information, preferences, or website usage patterns.<\/p><p><strong>2. Data Controller<\/strong><\/p><p>THAI CONSULTANT PARTNERS BARCELONA SL<br \/>CIF: B-61557393<br \/>Address: C\/ Diputaci\u00f3 271, 08007 Barcelona<br \/>Email: info@thaibarcelona.com<\/p><p><strong>3. Types of cookies used<\/strong><\/p><p>On this website we only use essential technical cookies for the operation of the site and analytical cookies associated with Google Analytics in its basic configuration.<\/p><p><strong>3.1. Technical (necessary) cookies<\/strong><\/p><p>These are essential for enabling website navigation and the use of its features. These cookies do not require consent as they are necessary for the site to function.<\/p><p><strong>3.2. Analytical cookies (Google Analytics)<\/strong><\/p><p>These cookies allow us to obtain anonymous statistics about website usage: pages visited, time spent, traffic source, etc. We exclusively use Google Analytics in its basic configuration, which means that the information is collected in an aggregated and anonymous way.<\/p><p>Google may use this data in accordance with its Privacy Policy: <a href=\"https:\/\/policies.google.com\/privacy\" target=\"_blank\" rel=\"noopener\">https:\/\/policies.google.com\/privacy<\/a><\/p><p>The analytical cookies used are:<\/p><ul><li><strong>_ga<\/strong>: used to distinguish users.<\/li><li><strong>_gid<\/strong>: used to temporarily distinguish users.<\/li><li><strong>_gat<\/strong>: used to limit the percentage of requests.<\/li><\/ul><p>These cookies do not allow the user to be personally identified.<\/p><p><strong>4. Legal basis for processing<\/strong><\/p><p>The legal basis for the use of technical cookies is the legitimate interest of the data controller in the proper functioning of the website. For analytical cookies, the legal basis is the user&#039;s consent, given through the banner or settings panel available on the site.<\/p><p><strong>5. Data retention<\/strong><\/p><p>Analytical cookies are stored for the periods established by Google Analytics and, in any case, for a limited time. Users can delete them at any time through their browser settings.<\/p><p><strong>6. How can you manage or disable cookies?<\/strong><\/p><p>Users can configure their browser to accept or reject cookies, or to delete them automatically. Below are links to instructions for the most common browsers:<\/p><ul><li>Chrome: <a href=\"https:\/\/support.google.com\/chrome\/answer\/95647\" target=\"_blank\" rel=\"noopener\">https:\/\/support.google.com\/chrome\/answer\/95647<\/a><\/li><li>Firefox: <a href=\"https:\/\/support.mozilla.org\/es\/kb\/habilitar-y-deshabilitar-cookies\" target=\"_blank\" rel=\"noopener\">https:\/\/support.mozilla.org\/es\/kb\/habilitar-y-deshabilitar-cookies<\/a><\/li><li>Safari: <a href=\"https:\/\/support.apple.com\/es-es\/guide\/safari\/sfri11471\/mac\" target=\"_blank\" rel=\"noopener\">https:\/\/support.apple.com\/es-es\/guide\/safari\/sfri11471\/mac<\/a><\/li><li>Edge: <a href=\"https:\/\/support.microsoft.com\/es-es\/help\/4027947\" target=\"_blank\" rel=\"noopener\">https:\/\/support.microsoft.com\/es-es\/help\/4027947<\/a><\/li><li>Opera: <a href=\"https:\/\/help.opera.com\/en\/latest\/web-preferences\/\" target=\"_blank\" rel=\"noopener\">https:\/\/help.opera.com\/en\/latest\/web-preferences\/<\/a><\/li><\/ul><p><strong>7. International Transfers<\/strong><\/p><p>The use of Google Analytics may involve international data transfers to the United States. Google states that it has adopted appropriate safeguards in accordance with European data protection regulations.<\/p><p><strong>8. Cookie Policy Update<\/strong><\/p><p>We may update this Cookie Policy to adapt it to new legal or technical requirements. We recommend that users review it periodically.<\/p>\t\t\t\t\t\t\t\t<\/div>\n\t\t\t\t<\/div>\n\t\t\t\t\t<\/div>\n\t\t<\/div>\n\t\t\t\t\t<\/div>\n\t\t<\/section>\n\t\t\t\t<section class=\"elementor-section elementor-top-section elementor-element elementor-element-c420ada elementor-section-boxed elementor-section-height-default elementor-section-height-default elementor-invisible\" data-id=\"c420ada\" data-element_type=\"section\" data-settings=\"{&quot;background_background&quot;:&quot;classic&quot;,&quot;background_motion_fx_motion_fx_scrolling&quot;:&quot;yes&quot;,&quot;background_motion_fx_scale_effect&quot;:&quot;yes&quot;,&quot;background_motion_fx_scale_speed&quot;:{&quot;unit&quot;:&quot;px&quot;,&quot;size&quot;:3,&quot;sizes&quot;:[]},&quot;background_motion_fx_scale_range&quot;:{&quot;unit&quot;:&quot;%&quot;,&quot;size&quot;:&quot;&quot;,&quot;sizes&quot;:{&quot;start&quot;:0,&quot;end&quot;:100}},&quot;animation&quot;:&quot;fadeIn&quot;,&quot;background_motion_fx_scale_direction&quot;:&quot;out-in&quot;,&quot;background_motion_fx_devices&quot;:[&quot;desktop&quot;,&quot;tablet&quot;,&quot;mobile&quot;]}\">\n\t\t\t\t\t\t\t<div class=\"elementor-background-overlay\"><\/div>\n\t\t\t\t\t\t\t<div class=\"elementor-container elementor-column-gap-default\">\n\t\t\t\t\t<div class=\"elementor-column elementor-col-100 elementor-top-column elementor-element elementor-element-0613c72\" data-id=\"0613c72\" data-element_type=\"column\">\n\t\t\t<div class=\"elementor-widget-wrap elementor-element-populated\">\n\t\t\t\t\t\t<section class=\"elementor-section elementor-inner-section elementor-element elementor-element-a4d0d85 elementor-section-boxed elementor-section-height-default elementor-section-height-default\" data-id=\"a4d0d85\" data-element_type=\"section\">\n\t\t\t\t\t\t<div class=\"elementor-container elementor-column-gap-default\">\n\t\t\t\t\t<div class=\"elementor-column elementor-col-50 elementor-inner-column elementor-element elementor-element-1875b0f\" data-id=\"1875b0f\" data-element_type=\"column\">\n\t\t\t<div class=\"elementor-widget-wrap elementor-element-populated\">\n\t\t\t\t\t\t<div class=\"elementor-element elementor-element-c6d63e6 elementor-invisible elementor-widget elementor-widget-global elementor-global-1593 elementor-widget-heading\" data-id=\"c6d63e6\" data-element_type=\"widget\" data-settings=\"{&quot;motion_fx_motion_fx_scrolling&quot;:&quot;yes&quot;,&quot;_animation&quot;:&quot;fadeInUp&quot;,&quot;motion_fx_devices&quot;:[&quot;desktop&quot;,&quot;tablet&quot;,&quot;mobile&quot;]}\" data-widget_type=\"heading.default\">\n\t\t\t\t<div class=\"elementor-widget-container\">\n\t\t\t\t\t<h2 class=\"elementor-heading-title elementor-size-default\">Your culinary adventure awaits<\/h2>\t\t\t\t<\/div>\n\t\t\t\t<\/div>\n\t\t\t\t<div class=\"elementor-element elementor-element-b3f32d6 animated-slow elementor-invisible elementor-widget elementor-widget-global elementor-global-1596 elementor-widget-text-editor\" data-id=\"b3f32d6\" data-element_type=\"widget\" data-settings=\"{&quot;motion_fx_motion_fx_scrolling&quot;:&quot;yes&quot;,&quot;_animation&quot;:&quot;fadeInUp&quot;,&quot;motion_fx_devices&quot;:[&quot;desktop&quot;,&quot;tablet&quot;,&quot;mobile&quot;]}\" data-widget_type=\"text-editor.default\">\n\t\t\t\t<div class=\"elementor-widget-container\">\n\t\t\t\t\t\t\t\t\t<div class=\"card-body\"><p class=\"text-white opacity-75 aos-init aos-animate\" data-aos=\"fade-up\" data-aos-delay=\"100\">Secure your spot at Thai Barcelona and embark on an unforgettable gastronomic journey<\/p><\/div>\t\t\t\t\t\t\t\t<\/div>\n\t\t\t\t<\/div>\n\t\t\t\t<div class=\"elementor-element elementor-element-09b3dc1 elementor-mobile-align-left elementor-invisible elementor-widget elementor-widget-global elementor-global-1590 elementor-widget-button\" data-id=\"09b3dc1\" data-element_type=\"widget\" data-settings=\"{&quot;_animation&quot;:&quot;fadeInUp&quot;}\" data-widget_type=\"button.default\">\n\t\t\t\t<div class=\"elementor-widget-container\">\n\t\t\t\t\t\t\t\t\t<div class=\"elementor-button-wrapper\">\n\t\t\t\t\t<a class=\"elementor-button elementor-button-link elementor-size-sm\" href=\"https:\/\/www.thaibarcelona.es\/en\/contact\/\">\n\t\t\t\t\t\t<span class=\"elementor-button-content-wrapper\">\n\t\t\t\t\t\t\t\t\t<span class=\"elementor-button-text\">Contact<\/span>\n\t\t\t\t\t<\/span>\n\t\t\t\t\t<\/a>\n\t\t\t\t<\/div>\n\t\t\t\t\t\t\t\t<\/div>\n\t\t\t\t<\/div>\n\t\t\t\t\t<\/div>\n\t\t<\/div>\n\t\t\t\t<div class=\"elementor-column elementor-col-50 elementor-inner-column elementor-element elementor-element-09cc636\" data-id=\"09cc636\" data-element_type=\"column\">\n\t\t\t<div class=\"elementor-widget-wrap\">\n\t\t\t\t\t\t\t<\/div>\n\t\t<\/div>\n\t\t\t\t\t<\/div>\n\t\t<\/section>\n\t\t\t\t\t<\/div>\n\t\t<\/div>\n\t\t\t\t\t<\/div>\n\t\t<\/section>\n\t\t\t\t<\/div>","protected":false},"excerpt":{"rendered":"<p>Pol\u00edtica de cookies 1. \u00bfQu\u00e9 son las cookies? En el sitio web www.thaibarcelona.es utilizamos cookies con la finalidad de ofrecer una mejor experiencia de navegaci\u00f3n, analizar el uso de la p\u00e1gina y optimizar nuestros servicios. Las cookies son peque\u00f1os archivos que se almacenan en el dispositivo del usuario y permiten recordar informaci\u00f3n t\u00e9cnica, preferencias o [&hellip;]<\/p>","protected":false},"author":2,"featured_media":0,"parent":0,"menu_order":0,"comment_status":"closed","ping_status":"closed","template":"","meta":{"site-sidebar-layout":"no-sidebar","site-content-layout":"plain-container","ast-site-content-layout":"full-width-container","site-content-style":"unboxed","site-sidebar-style":"unboxed","ast-global-header-display":"","ast-banner-title-visibility":"","ast-main-header-display":"","ast-hfb-above-header-display":"","ast-hfb-below-header-display":"","ast-hfb-mobile-header-display":"","site-post-title":"","ast-breadcrumbs-content":"","ast-featured-img":"","footer-sml-layout":"","theme-transparent-header-meta":"enabled","adv-header-id-meta":"","stick-header-meta":"","header-above-stick-meta":"","header-main-stick-meta":"","header-below-stick-meta":"","astra-migrate-meta-layouts":"set","ast-page-background-enabled":"default","ast-page-background-meta":{"desktop":{"background-color":"","background-image":"","background-repeat":"repeat","background-position":"center center","background-size":"auto","background-attachment":"scroll","background-type":"","background-media":"","overlay-type":"","overlay-color":"","overlay-opacity":"","overlay-gradient":""},"tablet":{"background-color":"","background-image":"","background-repeat":"repeat","background-position":"center center","background-size":"auto","background-attachment":"scroll","background-type":"","background-media":"","overlay-type":"","overlay-color":"","overlay-opacity":"","overlay-gradient":""},"mobile":{"background-color":"","background-image":"","background-repeat":"repeat","background-position":"center center","background-size":"auto","background-attachment":"scroll","background-type":"","background-media":"","overlay-type":"","overlay-color":"","overlay-opacity":"","overlay-gradient":""}},"ast-content-background-meta":{"desktop":{"background-color":"var(--ast-global-color-5)","background-image":"","background-repeat":"repeat","background-position":"center center","background-size":"auto","background-attachment":"scroll","background-type":"","background-media":"","overlay-type":"","overlay-color":"","overlay-opacity":"","overlay-gradient":""},"tablet":{"background-color":"var(--ast-global-color-5)","background-image":"","background-repeat":"repeat","background-position":"center center","background-size":"auto","background-attachment":"scroll","background-type":"","background-media":"","overlay-type":"","overlay-color":"","overlay-opacity":"","overlay-gradient":""},"mobile":{"background-color":"var(--ast-global-color-5)","background-image":"","background-repeat":"repeat","background-position":"center center","background-size":"auto","background-attachment":"scroll","background-type":"","background-media":"","overlay-type":"","overlay-color":"","overlay-opacity":"","overlay-gradient":""}},"footnotes":""},"class_list":["post-1750","page","type-page","status-publish","hentry"],"_links":{"self":[{"href":"https:\/\/www.thaibarcelona.es\/en\/wp-json\/wp\/v2\/pages\/1750","targetHints":{"allow":["GET"]}}],"collection":[{"href":"https:\/\/www.thaibarcelona.es\/en\/wp-json\/wp\/v2\/pages"}],"about":[{"href":"https:\/\/www.thaibarcelona.es\/en\/wp-json\/wp\/v2\/types\/page"}],"author":[{"embeddable":true,"href":"https:\/\/www.thaibarcelona.es\/en\/wp-json\/wp\/v2\/users\/2"}],"replies":[{"embeddable":true,"href":"https:\/\/www.thaibarcelona.es\/en\/wp-json\/wp\/v2\/comments?post=1750"}],"version-history":[{"count":10,"href":"https:\/\/www.thaibarcelona.es\/en\/wp-json\/wp\/v2\/pages\/1750\/revisions"}],"predecessor-version":[{"id":2134,"href":"https:\/\/www.thaibarcelona.es\/en\/wp-json\/wp\/v2\/pages\/1750\/revisions\/2134"}],"wp:attachment":[{"href":"https:\/\/www.thaibarcelona.es\/en\/wp-json\/wp\/v2\/media?parent=1750"}],"curies":[{"name":"wp","href":"https:\/\/api.w.org\/{rel}","templated":true}]}}