{"id":2471,"date":"2025-12-13T15:33:46","date_gmt":"2025-12-13T13:33:46","guid":{"rendered":"https:\/\/www.thaibarcelona.es\/?page_id=2471"},"modified":"2025-12-13T15:49:54","modified_gmt":"2025-12-13T13:49:54","slug":"termes-condicions-compra","status":"publish","type":"page","link":"https:\/\/www.thaibarcelona.es\/ca\/termes-condicions-compra\/","title":{"rendered":"Pol\u00edtica de cancel\u00b7laci\u00f3"},"content":{"rendered":"<div data-elementor-type=\"wp-page\" data-elementor-id=\"2471\" class=\"elementor elementor-2471\" data-elementor-post-type=\"page\">\n\t\t\t\t\t\t<section class=\"elementor-section elementor-top-section elementor-element elementor-element-b04cc9b elementor-section-boxed elementor-section-height-default elementor-section-height-default\" data-id=\"b04cc9b\" data-element_type=\"section\" data-settings=\"{&quot;background_background&quot;:&quot;classic&quot;}\">\n\t\t\t\t\t\t<div class=\"elementor-container elementor-column-gap-default\">\n\t\t\t\t\t<div class=\"elementor-column elementor-col-100 elementor-top-column elementor-element elementor-element-f577961\" data-id=\"f577961\" data-element_type=\"column\">\n\t\t\t<div class=\"elementor-widget-wrap elementor-element-populated\">\n\t\t\t\t\t\t<div class=\"elementor-element elementor-element-3e1198f elementor-widget elementor-widget-heading\" data-id=\"3e1198f\" data-element_type=\"widget\" data-widget_type=\"heading.default\">\n\t\t\t\t<div class=\"elementor-widget-container\">\n\t\t\t\t\t<h1 class=\"elementor-heading-title elementor-size-default\">Termes i condicions de compra<\/h1>\t\t\t\t<\/div>\n\t\t\t\t<\/div>\n\t\t\t\t\t<\/div>\n\t\t<\/div>\n\t\t\t\t\t<\/div>\n\t\t<\/section>\n\t\t\t\t<section class=\"elementor-section elementor-top-section elementor-element elementor-element-d29f8f1 elementor-section-boxed elementor-section-height-default elementor-section-height-default\" data-id=\"d29f8f1\" data-element_type=\"section\" data-settings=\"{&quot;background_background&quot;:&quot;classic&quot;}\">\n\t\t\t\t\t\t\t<div class=\"elementor-background-overlay\"><\/div>\n\t\t\t\t\t\t\t<div class=\"elementor-container elementor-column-gap-default\">\n\t\t\t\t\t<div class=\"elementor-column elementor-col-100 elementor-top-column elementor-element elementor-element-b9d6d56\" data-id=\"b9d6d56\" data-element_type=\"column\">\n\t\t\t<div class=\"elementor-widget-wrap elementor-element-populated\">\n\t\t\t\t\t\t<div class=\"elementor-element elementor-element-1dff444 animated-slow elementor-widget elementor-widget-text-editor\" data-id=\"1dff444\" data-element_type=\"widget\" data-settings=\"{&quot;_animation&quot;:&quot;none&quot;}\" data-widget_type=\"text-editor.default\">\n\t\t\t\t<div class=\"elementor-widget-container\">\n\t\t\t\t\t\t\t\t\t<p class=\"p1\">Aquest document regula les condicions de compra dels productes i serveis oferts a trav\u00e9s del lloc web <span class=\"s1\"><b>www.thaibarcelona.es<\/b><\/span>, titularitat de <span class=\"s1\"><b>THAI CONSULTANT PARTNERS BARCELONA SL<\/b><\/span>.<\/p>\n<p class=\"p1\">La realitzaci\u00f3 d&#039;una compra mitjan\u00e7ant aquest lloc web implica l&#039;acceptaci\u00f3 plena d&#039;aquests termes i condicions.<\/p>\n<p class=\"p1\"><br><\/p>\n<p class=\"p3\"><b>1. Naturalesa dels productes oferts<\/b><b><\/b><\/p>\n<p class=\"p1\">Els productes disponibles per a la compra a la botiga online de Thai Barcelona corresponen exclusivament a serveis gastron\u00f2mics. Tots els productes adquirits es lliuren mitjan\u00e7ant l\u201femissi\u00f3 autom\u00e0tica d\u201fun val regal, que acredita el dret a gaudir del servei contractat.&nbsp;<span style=\"font-style: inherit; font-weight: inherit;\">No es venen productes f\u00edsics ni continguts digitals descarregables.<\/span><\/p>\n<p class=\"p1\"><br><\/p>\n<p class=\"p3\"><b>2. Venda de begudes alcoh\u00f2liques a menors de 18 anys<\/b><b><\/b><\/p>\n<p class=\"p1\">Aquest comerciant es compromet a no permetre cap transacci\u00f3 que sigui il\u00b7legal, o es consideri per les marques de targetes de cr\u00e8dit o el banc adquirient, que pugui o tingui el potencial de danyar-ne la bona voluntat o influir-hi de manera negativa.<\/p>\n<p class=\"p1\">Les activitats seg\u00fcents estan prohibides en virtut dels programes de les marques de targetes: la venda o l&#039;oferta d&#039;un producte o servei que no sigui de plena conformitat amb totes les lleis aplicables al Comprador, Banc Emissor, Comerciant, Titular de la targeta, o targetes.<\/p>\n<p class=\"p1\">A m\u00e9s, les activitats seg\u00fcents tamb\u00e9 estan prohibides expl\u00edcitament:<\/p>\n<p class=\"p1\">Venda de begudes alcoh\u00f2liques a menors de 18 anys.<\/p>\n<p class=\"p1\"><br><\/p>\n<p class=\"p3\"><b>3. Proc\u00e9s de compra i confirmaci\u00f3<\/b><b><\/b><\/p>\n<p class=\"p1\">La compra es fa mitjan\u00e7ant un sistema de pagament segur. Un cop confirmat el pagament, el client rep una confirmaci\u00f3 de la comanda i es genera autom\u00e0ticament el val regal corresponent.<\/p>\n<p class=\"p1\">El client \u00e9s responsable de comprovar que les dades introdu\u00efdes durant el proc\u00e9s de compra s\u00f3n correctes.<\/p>\n<p class=\"p1\"><br><\/p>\n<p class=\"p3\"><b>4. Preus i formes de pagament<\/b><b><\/b><\/p>\n<p class=\"p1\">Tots els preus es mostren en euros (\u20ac) i inclouen els impostos legalment aplicables.<\/p>\n<p class=\"p1\">Els pagaments es fan mitjan\u00e7ant passarel\u00b7la de pagament segura, a trav\u00e9s de targeta banc\u00e0ria o Bizum, gestionats per una entitat financera autoritzada.<\/p>\n<p class=\"p1\"><br><\/p>\n<p class=\"p3\"><b>5. Validesa i condicions d\u00fas<\/b><b><\/b><\/p>\n<p class=\"p1\">Tots els productes adquirits tenen una validesa de 180 dies des de la data de compra.<\/p>\n<p class=\"p1\">Les condicions espec\u00edfiques d&#039;\u00fas, horaris, reserves i particularitats de cada producte es detallen a la descripci\u00f3 individual de cada producte, i prevalen sobre aquestes condicions generals.<\/p>\n<p class=\"p1\">El client \u00e9s responsable de gestionar la reserva i \u00fas del servei dins el termini de validesa indicat.<\/p>\n<p class=\"p1\"><br><\/p>\n<p class=\"p3\"><b>6. Cancel\u00b7lacions i dret de desistiment<\/b><b><\/b><\/p>\n<p class=\"p1\">D&#039;acord amb la normativa vigent en mat\u00e8ria de consum, el dret de desistiment no \u00e9s aplicable als serveis relacionats amb activitats de restauraci\u00f3 i experi\u00e8ncies que compten amb condicions espec\u00edfiques i un per\u00edode de validesa determinat.<\/p>\n<p class=\"p1\">Per aquest motiu, un cop feta la compra no s&#039;admeten cancel\u00b7lacions ni devolucions de l&#039;import abonat.<\/p>\n<p class=\"p1\"><br><\/p>\n<p class=\"p3\"><b>7. Reprogramacions<\/b><b><\/b><\/p>\n<p class=\"p1\">En cas que el client no pugui gaudir del servei a la data inicialment prevista, es permetr\u00e0 la reprogramaci\u00f3 dins del per\u00edode de validesa de 180 dies, sempre subjecta a disponibilitat ia les condicions del servei contractat.<\/p>\n<p class=\"p1\"><br><\/p>\n<p class=\"p3\"><b>8. Devolucions i reembossaments<\/b><b><\/b><\/p>\n<p class=\"p1\">Amb car\u00e0cter general, no es fan devolucions econ\u00f2miques dels productes adquirits.<\/p>\n<p class=\"p1\">En situacions excepcionals en qu\u00e8 el servei no es pugui prestar per causes imputables a l&#039;establiment o al centre col\u00b7laborador, s&#039;oferir\u00e0 una reprogramaci\u00f3 del servei dins del per\u00edode de validesa del val.<\/p>\n<p class=\"p1\">Nom\u00e9s en casos excepcionals i degudament justificats es podr\u00e0 valorar una devoluci\u00f3, que ser\u00e0 analitzada de manera individual.<\/p>\n<p class=\"p1\"><br><\/p>\n<p class=\"p3\"><b>9. Enviaments<\/b><b><\/b><\/p>\n<p class=\"p1\">No es fan enviaments f\u00edsics ni digitals. Els productes adquirits corresponen exclusivament a serveis que es gaudeixen de manera presencial mitjan\u00e7ant el val regal generat despr\u00e9s de la compra.<\/p>\n<p class=\"p1\"><br><\/p>\n<p class=\"p3\"><b>10. Atenci\u00f3 al client i incid\u00e8ncies<\/b><b><\/b><\/p>\n<p class=\"p1\">Per a qualsevol consulta relacionada amb la compra, \u00fas del val, reprogramacions o incid\u00e8ncies, el client pot contactar amb Thai Barcelona a trav\u00e9s de:<\/p>\n<p class=\"p3\"><span class=\"s2\">Correu electr\u00f2nic: <\/span><b>info@thaibarcelona.com<\/b><b><\/b><\/p>\n<p class=\"p3\"><span class=\"s2\">Tel\u00e8fon: <\/span><b>934 87 98 98<\/b><b><\/b><\/p>\n<p class=\"p3\"><b><br><\/b><\/p>\n<p class=\"p3\"><b>11. Legislaci\u00f3 aplicable<\/b><b><\/b><\/p>\n<p class=\"p1\">Aquestes condicions de compra es regeixen per la legislaci\u00f3 espanyola vigent. Qualsevol controv\u00e8rsia que es pugui derivar de la interpretaci\u00f3 o l&#039;aplicaci\u00f3 d&#039;aquestes condicions se sotmetr\u00e0 als jutjats i tribunals competents d&#039;acord amb la normativa aplicable.<\/p>\t\t\t\t\t\t\t\t<\/div>\n\t\t\t\t<\/div>\n\t\t\t\t\t<\/div>\n\t\t<\/div>\n\t\t\t\t\t<\/div>\n\t\t<\/section>\n\t\t\t\t<section class=\"elementor-section elementor-top-section elementor-element elementor-element-c420ada elementor-section-boxed elementor-section-height-default elementor-section-height-default elementor-invisible\" data-id=\"c420ada\" data-element_type=\"section\" data-settings=\"{&quot;background_background&quot;:&quot;classic&quot;,&quot;background_motion_fx_motion_fx_scrolling&quot;:&quot;yes&quot;,&quot;background_motion_fx_scale_effect&quot;:&quot;yes&quot;,&quot;background_motion_fx_scale_speed&quot;:{&quot;unit&quot;:&quot;px&quot;,&quot;size&quot;:3,&quot;sizes&quot;:[]},&quot;background_motion_fx_scale_range&quot;:{&quot;unit&quot;:&quot;%&quot;,&quot;size&quot;:&quot;&quot;,&quot;sizes&quot;:{&quot;start&quot;:0,&quot;end&quot;:100}},&quot;animation&quot;:&quot;fadeIn&quot;,&quot;background_motion_fx_scale_direction&quot;:&quot;out-in&quot;,&quot;background_motion_fx_devices&quot;:[&quot;desktop&quot;,&quot;tablet&quot;,&quot;mobile&quot;]}\">\n\t\t\t\t\t\t\t<div class=\"elementor-background-overlay\"><\/div>\n\t\t\t\t\t\t\t<div class=\"elementor-container elementor-column-gap-default\">\n\t\t\t\t\t<div class=\"elementor-column elementor-col-100 elementor-top-column elementor-element elementor-element-0613c72\" data-id=\"0613c72\" data-element_type=\"column\">\n\t\t\t<div class=\"elementor-widget-wrap elementor-element-populated\">\n\t\t\t\t\t\t<section class=\"elementor-section elementor-inner-section elementor-element elementor-element-a4d0d85 elementor-section-boxed elementor-section-height-default elementor-section-height-default\" data-id=\"a4d0d85\" data-element_type=\"section\">\n\t\t\t\t\t\t<div class=\"elementor-container elementor-column-gap-default\">\n\t\t\t\t\t<div class=\"elementor-column elementor-col-50 elementor-inner-column elementor-element elementor-element-1875b0f\" data-id=\"1875b0f\" data-element_type=\"column\">\n\t\t\t<div class=\"elementor-widget-wrap elementor-element-populated\">\n\t\t\t\t\t\t<div class=\"elementor-element elementor-element-c6d63e6 elementor-invisible elementor-widget elementor-widget-global elementor-global-1593 elementor-widget-heading\" data-id=\"c6d63e6\" data-element_type=\"widget\" data-settings=\"{&quot;motion_fx_motion_fx_scrolling&quot;:&quot;yes&quot;,&quot;_animation&quot;:&quot;fadeInUp&quot;,&quot;motion_fx_devices&quot;:[&quot;desktop&quot;,&quot;tablet&quot;,&quot;mobile&quot;]}\" data-widget_type=\"heading.default\">\n\t\t\t\t<div class=\"elementor-widget-container\">\n\t\t\t\t\t<h2 class=\"elementor-heading-title elementor-size-default\">La teva aventura gastron\u00f2mica t&#039;espera<\/h2>\t\t\t\t<\/div>\n\t\t\t\t<\/div>\n\t\t\t\t<div class=\"elementor-element elementor-element-b3f32d6 animated-slow elementor-invisible elementor-widget elementor-widget-global elementor-global-1596 elementor-widget-text-editor\" data-id=\"b3f32d6\" data-element_type=\"widget\" data-settings=\"{&quot;motion_fx_motion_fx_scrolling&quot;:&quot;yes&quot;,&quot;_animation&quot;:&quot;fadeInUp&quot;,&quot;motion_fx_devices&quot;:[&quot;desktop&quot;,&quot;tablet&quot;,&quot;mobile&quot;]}\" data-widget_type=\"text-editor.default\">\n\t\t\t\t<div class=\"elementor-widget-container\">\n\t\t\t\t\t\t\t\t\t<div class=\"card-body\"><p class=\"text-white opacity-75 aos-init aos-animate\" data-aos=\"fade-up\" data-aos-delay=\"100\">Assegura el teu lloc a Thai Barcelona i embarca&#039;t en un viatge gastron\u00f2mic inoblidable<\/p><\/div>\t\t\t\t\t\t\t\t<\/div>\n\t\t\t\t<\/div>\n\t\t\t\t<div class=\"elementor-element elementor-element-09b3dc1 elementor-mobile-align-left elementor-invisible elementor-widget elementor-widget-global elementor-global-1590 elementor-widget-button\" data-id=\"09b3dc1\" data-element_type=\"widget\" data-settings=\"{&quot;_animation&quot;:&quot;fadeInUp&quot;}\" data-widget_type=\"button.default\">\n\t\t\t\t<div class=\"elementor-widget-container\">\n\t\t\t\t\t\t\t\t\t<div class=\"elementor-button-wrapper\">\n\t\t\t\t\t<a class=\"elementor-button elementor-button-link elementor-size-sm\" href=\"https:\/\/www.thaibarcelona.es\/ca\/contacte\/\">\n\t\t\t\t\t\t<span class=\"elementor-button-content-wrapper\">\n\t\t\t\t\t\t\t\t\t<span class=\"elementor-button-text\">Contactar<\/span>\n\t\t\t\t\t<\/span>\n\t\t\t\t\t<\/a>\n\t\t\t\t<\/div>\n\t\t\t\t\t\t\t\t<\/div>\n\t\t\t\t<\/div>\n\t\t\t\t\t<\/div>\n\t\t<\/div>\n\t\t\t\t<div class=\"elementor-column elementor-col-50 elementor-inner-column elementor-element elementor-element-09cc636\" data-id=\"09cc636\" data-element_type=\"column\">\n\t\t\t<div class=\"elementor-widget-wrap\">\n\t\t\t\t\t\t\t<\/div>\n\t\t<\/div>\n\t\t\t\t\t<\/div>\n\t\t<\/section>\n\t\t\t\t\t<\/div>\n\t\t<\/div>\n\t\t\t\t\t<\/div>\n\t\t<\/section>\n\t\t\t\t<\/div>","protected":false},"excerpt":{"rendered":"<p>T\u00e9rminos y condiciones de compra El presente documento regula las condiciones de compra de los productos y servicios ofrecidos a trav\u00e9s del sitio web www.thaibarcelona.es, titularidad de THAI CONSULTANT PARTNERS BARCELONA SL. La realizaci\u00f3n de una compra a trav\u00e9s de este sitio web implica la aceptaci\u00f3n plena de los presentes t\u00e9rminos y condiciones. 1. Naturaleza [&hellip;]<\/p>","protected":false},"author":1,"featured_media":0,"parent":0,"menu_order":0,"comment_status":"closed","ping_status":"closed","template":"","meta":{"site-sidebar-layout":"no-sidebar","site-content-layout":"plain-container","ast-site-content-layout":"full-width-container","site-content-style":"unboxed","site-sidebar-style":"unboxed","ast-global-header-display":"","ast-banner-title-visibility":"","ast-main-header-display":"","ast-hfb-above-header-display":"","ast-hfb-below-header-display":"","ast-hfb-mobile-header-display":"","site-post-title":"","ast-breadcrumbs-content":"","ast-featured-img":"","footer-sml-layout":"","theme-transparent-header-meta":"enabled","adv-header-id-meta":"","stick-header-meta":"","header-above-stick-meta":"","header-main-stick-meta":"","header-below-stick-meta":"","astra-migrate-meta-layouts":"set","ast-page-background-enabled":"default","ast-page-background-meta":{"desktop":{"background-color":"","background-image":"","background-repeat":"repeat","background-position":"center center","background-size":"auto","background-attachment":"scroll","background-type":"","background-media":"","overlay-type":"","overlay-color":"","overlay-opacity":"","overlay-gradient":""},"tablet":{"background-color":"","background-image":"","background-repeat":"repeat","background-position":"center center","background-size":"auto","background-attachment":"scroll","background-type":"","background-media":"","overlay-type":"","overlay-color":"","overlay-opacity":"","overlay-gradient":""},"mobile":{"background-color":"","background-image":"","background-repeat":"repeat","background-position":"center center","background-size":"auto","background-attachment":"scroll","background-type":"","background-media":"","overlay-type":"","overlay-color":"","overlay-opacity":"","overlay-gradient":""}},"ast-content-background-meta":{"desktop":{"background-color":"var(--ast-global-color-5)","background-image":"","background-repeat":"repeat","background-position":"center center","background-size":"auto","background-attachment":"scroll","background-type":"","background-media":"","overlay-type":"","overlay-color":"","overlay-opacity":"","overlay-gradient":""},"tablet":{"background-color":"var(--ast-global-color-5)","background-image":"","background-repeat":"repeat","background-position":"center center","background-size":"auto","background-attachment":"scroll","background-type":"","background-media":"","overlay-type":"","overlay-color":"","overlay-opacity":"","overlay-gradient":""},"mobile":{"background-color":"var(--ast-global-color-5)","background-image":"","background-repeat":"repeat","background-position":"center center","background-size":"auto","background-attachment":"scroll","background-type":"","background-media":"","overlay-type":"","overlay-color":"","overlay-opacity":"","overlay-gradient":""}},"footnotes":""},"class_list":["post-2471","page","type-page","status-publish","hentry"],"_links":{"self":[{"href":"https:\/\/www.thaibarcelona.es\/ca\/wp-json\/wp\/v2\/pages\/2471","targetHints":{"allow":["GET"]}}],"collection":[{"href":"https:\/\/www.thaibarcelona.es\/ca\/wp-json\/wp\/v2\/pages"}],"about":[{"href":"https:\/\/www.thaibarcelona.es\/ca\/wp-json\/wp\/v2\/types\/page"}],"author":[{"embeddable":true,"href":"https:\/\/www.thaibarcelona.es\/ca\/wp-json\/wp\/v2\/users\/1"}],"replies":[{"embeddable":true,"href":"https:\/\/www.thaibarcelona.es\/ca\/wp-json\/wp\/v2\/comments?post=2471"}],"version-history":[{"count":15,"href":"https:\/\/www.thaibarcelona.es\/ca\/wp-json\/wp\/v2\/pages\/2471\/revisions"}],"predecessor-version":[{"id":2491,"href":"https:\/\/www.thaibarcelona.es\/ca\/wp-json\/wp\/v2\/pages\/2471\/revisions\/2491"}],"wp:attachment":[{"href":"https:\/\/www.thaibarcelona.es\/ca\/wp-json\/wp\/v2\/media?parent=2471"}],"curies":[{"name":"wp","href":"https:\/\/api.w.org\/{rel}","templated":true}]}}