{"id":1755,"date":"2025-10-28T09:54:51","date_gmt":"2025-10-28T09:54:51","guid":{"rendered":"http:\/\/dyjnjww.cluster100.hosting.ovh.net\/?page_id=1755"},"modified":"2025-11-12T20:54:37","modified_gmt":"2025-11-12T20:54:37","slug":"politica-privadesa","status":"publish","type":"page","link":"https:\/\/www.thaibarcelona.es\/ca\/politica-privadesa\/","title":{"rendered":"Pol\u00edtica de Privadesa"},"content":{"rendered":"<div data-elementor-type=\"wp-page\" data-elementor-id=\"1755\" class=\"elementor elementor-1755\" data-elementor-post-type=\"page\">\n\t\t\t\t\t\t<section class=\"elementor-section elementor-top-section elementor-element elementor-element-b04cc9b elementor-section-boxed elementor-section-height-default elementor-section-height-default\" data-id=\"b04cc9b\" data-element_type=\"section\" data-settings=\"{&quot;background_background&quot;:&quot;classic&quot;}\">\n\t\t\t\t\t\t<div class=\"elementor-container elementor-column-gap-default\">\n\t\t\t\t\t<div class=\"elementor-column elementor-col-100 elementor-top-column elementor-element elementor-element-f577961\" data-id=\"f577961\" data-element_type=\"column\">\n\t\t\t<div class=\"elementor-widget-wrap elementor-element-populated\">\n\t\t\t\t\t\t<div class=\"elementor-element elementor-element-3e1198f elementor-widget elementor-widget-heading\" data-id=\"3e1198f\" data-element_type=\"widget\" data-widget_type=\"heading.default\">\n\t\t\t\t<div class=\"elementor-widget-container\">\n\t\t\t\t\t<h1 class=\"elementor-heading-title elementor-size-default\">Pol\u00edtica de privadesa<\/h1>\t\t\t\t<\/div>\n\t\t\t\t<\/div>\n\t\t\t\t\t<\/div>\n\t\t<\/div>\n\t\t\t\t\t<\/div>\n\t\t<\/section>\n\t\t\t\t<section class=\"elementor-section elementor-top-section elementor-element elementor-element-d29f8f1 elementor-section-boxed elementor-section-height-default elementor-section-height-default\" data-id=\"d29f8f1\" data-element_type=\"section\" data-settings=\"{&quot;background_background&quot;:&quot;classic&quot;}\">\n\t\t\t\t\t\t\t<div class=\"elementor-background-overlay\"><\/div>\n\t\t\t\t\t\t\t<div class=\"elementor-container elementor-column-gap-default\">\n\t\t\t\t\t<div class=\"elementor-column elementor-col-100 elementor-top-column elementor-element elementor-element-b9d6d56\" data-id=\"b9d6d56\" data-element_type=\"column\">\n\t\t\t<div class=\"elementor-widget-wrap elementor-element-populated\">\n\t\t\t\t\t\t<div class=\"elementor-element elementor-element-1dff444 animated-slow elementor-widget elementor-widget-text-editor\" data-id=\"1dff444\" data-element_type=\"widget\" data-settings=\"{&quot;_animation&quot;:&quot;none&quot;}\" data-widget_type=\"text-editor.default\">\n\t\t\t\t<div class=\"elementor-widget-container\">\n\t\t\t\t\t\t\t\t\t<div class=\"inner\">\n<section class=\"bg-white py-10\">\n<div class=\"container\">\n<div class=\"col-sm-9 col-md-8 text-justify\">\n<p>Registre Mercantil de Barcelona. Tom 46108, Foli 0116, Full 173633, Secci\u00f3 General, Inscrip.29 CIF B61557393<\/p>\n<p>A THAI CONSULTANT PARTNERS BARCELONA SL treballem per garantir la privadesa en el tractament de les seves dades personals. Hem actualitzat la nostra Pol\u00edtica de Privadesa per informar clarament de com recollim, utilitzem i custodiem les dades de les persones que contacten amb la nostra empresa:<\/p>\n<p><br><\/p>\n<p>\u2022 Responsable del tractament<\/p>\n<p>\u2022 Finalitats del tractament de dades<\/p>\n<p>\u2022 Per\u00edode de conservaci\u00f3 de dades<\/p>\n<p>\u2022 Legitimaci\u00f3 per al tractament de dades<\/p>\n<p>\u2022 Comunicaci\u00f3 de dades<\/p>\n<p>\u2022 Transfer\u00e8ncies internacionals de dades<\/p>\n<p>\u2022 Els seus drets<\/p>\n<p>\u2022 Obtenci\u00f3 de les vostres dades.<\/p>\n<p><br><\/p>\n<p>Qui \u00e9s el responsable del tractament de les vostres dades?<\/p><p><br><\/p>\n<p><strong>Ra\u00f3 social: THAI CONSULTANT PARTNERS BARCELONA SL<\/strong><\/p>\n<p><strong>Nom comercial: RESTAURANT THAI BARCELONA<\/strong><\/p>\n<p><strong>NIF:&nbsp;<\/strong>B61557393<\/p>\n<p><strong>Adre\u00e7a postal:&nbsp;<\/strong>CL DIPUTACION, 271 08007 BARCELONA<\/p>\n<p><strong>Tel\u00e8fon:&nbsp;<\/strong>934879898<\/p>\n<p><strong>Correu electr\u00f2nic:&nbsp;<\/strong><a href=\"mailto:info@thaibarcelona.com\">info@thaibarcelona.com<\/a><\/p><p><br><\/p>\n<p>Amb quina finalitat tractem les vostres dades personals?<\/p><p><br><\/p>\n<p>A THAI CONSULTANT PARTNERS BARCELONA SL el tractament de dades es realitza amb les seg\u00fcents finalitats, en funci\u00f3 del motiu pel qual ens les hagi facilitat:<\/p><p><br><\/p>\n<p>Gestionar dades facilitades directament pel propi interessat per informar dels nostres productes i serveis, donar resposta a la seva sol\u00b7licitud, petici\u00f3 o consulta i fer-ne un seguiment posterior.<\/p><p><br><\/p>\n<p>Gestionar les dades proporcionades per l&#039;associat a l&#039;hora de contractar els nostres serveis, a nivell organitzatiu, comptable, fiscal i administratiu, aix\u00ed com per informar sobre serveis, esdeveniments i not\u00edcies relacionades amb la nostra activitat professional que puguin ser del vostre inter\u00e8s.<\/p><p><br><\/p>\n<p>Gestionar les dades professionals de l&#039;USUARI per participar en els diferents esdeveniments o activitats que organitzem i ens hagin autoritzat per informar sobre altres activitats o esdeveniments que puguem organitzar en relaci\u00f3 amb projectes o serveis que puguin ser del vostre inter\u00e8s.<\/p><p><br><\/p>\n<p>Realitzar, en cas que s&#039;hagi subscrit a les nostres Newsletters, l&#039;enviament de les mateixes tractant les dades facilitades per remetre-les.<\/p><p><br><\/p>\n<p>Realitzar, si escau, el perfil d&#039;usuari per oferir-vos els nostres productes i serveis.<\/p><p><br><\/p>\n<p>Durant quant de temps conservarem les vostres dades?<\/p><p><br><\/p>\n<p>Les dades per a la gesti\u00f3 de la relaci\u00f3 amb l&#039;associat i la facturaci\u00f3 i el cobrament dels serveis seran conservades durant tot el temps en qu\u00e8 el contracte estigui vigent. Un cop finalitzada aquesta relaci\u00f3, si escau, les dades podran ser conservades durant el temps exigit per la legislaci\u00f3 aplicable i fins que prescriguin les eventuals responsabilitats derivades del contracte.<\/p><p><br><\/p>\n<p>Les dades relatives a publicacions de comentaris sobre els nostres productes es mantindran durant la vig\u00e8ncia i publicitat dels productes o serveis a qu\u00e8 fan refer\u00e8ncia, llevat que s&#039;expressi el seu desig que siguin eliminats en qualsevol moment.<\/p><p><br><\/p>\n<p>Les dades per a la participaci\u00f3 en esdeveniments i activitats es conservaran durant el temps que durin aquests, per gestionar-ne el desenvolupament i, despr\u00e9s, fins que prescriguin les possibles responsabilitats derivades de la seva realitzaci\u00f3.<\/p><p><br><\/p>\n<p>Les dades per a l&#039;enviament de newsletters seran conservades indefinidament fins que, si escau, ens manifestin la seva voluntat de suprimir-les.<\/p><p><br><\/p>\n<p>Les dades per a l&#039;enviament de comunicacions comercials i elaboraci\u00f3 de perfils comercials dels nostres productes o serveis seran conservats indefinidament fins que, si escau, ens manifestin la seva voluntat de suprimir-los.<\/p><p><br><\/p>\n<p>Quina \u00e9s la legitimaci\u00f3 per al tractament de les vostres dades?<\/p><p><br><\/p>\n<p>\u2022 La base legal per al tractament de les vostres dades de les finalitats 1 a 3 \u00e9s l&#039;execuci\u00f3 contractual de la prestaci\u00f3 del servei corresponent.<\/p>\n<p>\u2022 L&#039;oferta prospectiva de productes i serveis associats t\u00e9 com a base la satisfacci\u00f3 de l&#039;inter\u00e8s leg\u00edtim empresarial consistent a oferir als nostres clients la contractaci\u00f3 d&#039;altres productes o serveis i aconseguir aix\u00ed la seva fidelitzaci\u00f3. Aquest inter\u00e8s leg\u00edtim es reconeix per la normativa legal aplicable (Reglament General de Protecci\u00f3 de Dades), que permet expressament el tractament de dades personals sobre aquesta base legal amb fins de m\u00e0rqueting directe.<\/p><p><span style=\"font-style: inherit; font-weight: inherit;\">No obstant aix\u00f2, us recordem que teniu dret a oposar-vos a aquest tractament de les vostres dades, i podeu fer-ho per qualsevol dels mitjans descrits en aquesta Pol\u00edtica.<\/span><\/p><p><span style=\"font-style: inherit; font-weight: inherit;\"><br><\/span><\/p>\n<p>\u2022 La base de l&#039;enviament de comunicacions comercials a usuaris no clients \u00e9s el consentiment que s&#039;ha sol\u00b7licitat i es pot revocar en qualsevol moment. La retirada daquest consentiment no afectar\u00e0 en cap cas lexecuci\u00f3 del contracte, per\u00f2 els tractaments de dades amb aquesta finalitat efectuats amb anterioritat no perdran la seva licitud pel fet que el consentiment shagi revocat.<\/p><p><br><\/p>\n<p>A quins destinataris es comunicaran les vostres dades?<\/p><p><br><\/p>\n<p>No se cediran dades a tercers excepte a:<\/p>\n<p>\u2022 A les entitats financeres mitjan\u00e7ant les quals s&#039;articuli la gesti\u00f3 de cobraments i pagaments.<\/p>\n<p>\u2022 A les administracions p\u00fabliques competents, en els casos que preveu la Llei i per als fins definits.<\/p><p><br><\/p>\n<p>Transfer\u00e8ncies de dades a tercers pa\u00efsos?<\/p>\n<p>No es fan transfer\u00e8ncies internacionals de dades.<\/p><p><br><\/p>\n<p>Quins s\u00f3n els vostres drets quan ens faciliten les vostres dades?<\/p><p><br><\/p>\n<p>\u2022 Qualsevol persona t\u00e9 dret a obtenir confirmaci\u00f3 sobre si a THAI CONSULTANT PARTNERS BARCELONA SL estem tractant dades personals que els concerneixin, o no.<\/p>\n<p>\u2022 Les persones interessades tenen dret a accedir a les seves dades personals, aix\u00ed com a sol\u00b7licitar la rectificaci\u00f3 de les dades inexactes o, si escau, sol\u00b7licitar la seva supressi\u00f3 quan, entre altres motius, les dades ja no siguin necess\u00e0ries per als fins per als quals van ser recollides.<\/p>\n<p>\u2022 En determinades circumst\u00e0ncies, els interessats podran sol\u00b7licitar la limitaci\u00f3 del tractament de les dades o la portabilitat, en aquest cas \u00fanicament les conservarem per a l&#039;exercici o la defensa de reclamacions.<\/p>\n<p>\u2022 En determinades circumst\u00e0ncies i per motius relacionats amb la seva situaci\u00f3 particular, els interessats podran oposar-se al tractament de les dades. En aquest cas, THAI CONSULTANT PARTNERS BARCELONA SL deixar\u00e0 de tractar les dades, excepte per motius leg\u00edtims imperiosos, o lexercici o la defensa de possibles reclamacions.<\/p>\n<p>Vost\u00e8 podr\u00e0 exercir materialment els seus drets de la manera seg\u00fcent:<\/p><p><br><\/p>\n<p>Per correu electr\u00f2nic adjuntant c\u00f2pia del vostre DNI a: info@nomempresa.com<\/p>\n<p>Per correu postal: CL DIPUTACIO 271 08007 BARCELONA adjuntant fotoc\u00f2pia del vostre DNI.<\/p><p><br><\/p>\n<p>A l&#039;adre\u00e7a de correu electr\u00f2nic i correu postal indicada, us oferirem els formularis corresponents per exercitar materialment aquests drets.<\/p><p><br><\/p>\n<p>\u2022 Si heu atorgat el vostre consentiment per a alguna finalitat concreta, teniu dret a retirar el consentiment atorgat en qualsevol moment, sense que aix\u00f2 afecti la licitud del tractament basat en el vostre consentiment previ a la seva retirada.<\/p>\n<p>\u2022 En cas que considereu vulnerats els vostres drets pel que fa a la protecci\u00f3 de les vostres dades personals, especialment quan no heu obtingut satisfacci\u00f3 en l&#039;exercici dels vostres drets, podeu presentar una reclamaci\u00f3 davant l&#039;Autoritat de Control en mat\u00e8ria de protecci\u00f3 de dades competent a trav\u00e9s del vostre lloc web: www.agpd.es.<\/p><p><br><\/p>\n<p>Com hem obtingut les vostres dades?<\/p><p><br><\/p>\n<p>Les dades personals que tractem a THAI CONSULTANT PARTNERS BARCELOAN SL procedeixen dels mateixos interessats o del seu representant legal.<\/p><p><br><\/p>\n<p>Us recordem que no hauria de proporcionar dades de tercers tret que tingui perm\u00eds per fer-los i que pr\u00e8viament hagi estat informat.<\/p><p><br><\/p>\n<p>No es tracten categories especials de dades personals (s\u00f3n aquelles dades que revelin l&#039;origen \u00e8tnic o racial, les opinions pol\u00edtiques, les conviccions religioses o filos\u00f2fiques, o l&#039;afiliaci\u00f3 sindical, dades gen\u00e8tiques, dades biom\u00e8triques adre\u00e7ades a identificar de manera un\u00edvoca una persona f\u00edsica, dades relatives a la salut o dades relatives a la vida sexual).<\/p>\n<\/div>\n<\/div>\n<\/section>\n<\/div>\t\t\t\t\t\t\t\t<\/div>\n\t\t\t\t<\/div>\n\t\t\t\t\t<\/div>\n\t\t<\/div>\n\t\t\t\t\t<\/div>\n\t\t<\/section>\n\t\t\t\t<section class=\"elementor-section elementor-top-section elementor-element elementor-element-c420ada elementor-section-boxed elementor-section-height-default elementor-section-height-default elementor-invisible\" data-id=\"c420ada\" data-element_type=\"section\" data-settings=\"{&quot;background_background&quot;:&quot;classic&quot;,&quot;background_motion_fx_motion_fx_scrolling&quot;:&quot;yes&quot;,&quot;background_motion_fx_scale_effect&quot;:&quot;yes&quot;,&quot;background_motion_fx_scale_speed&quot;:{&quot;unit&quot;:&quot;px&quot;,&quot;size&quot;:3,&quot;sizes&quot;:[]},&quot;background_motion_fx_scale_range&quot;:{&quot;unit&quot;:&quot;%&quot;,&quot;size&quot;:&quot;&quot;,&quot;sizes&quot;:{&quot;start&quot;:0,&quot;end&quot;:100}},&quot;animation&quot;:&quot;fadeIn&quot;,&quot;background_motion_fx_scale_direction&quot;:&quot;out-in&quot;,&quot;background_motion_fx_devices&quot;:[&quot;desktop&quot;,&quot;tablet&quot;,&quot;mobile&quot;]}\">\n\t\t\t\t\t\t\t<div class=\"elementor-background-overlay\"><\/div>\n\t\t\t\t\t\t\t<div class=\"elementor-container elementor-column-gap-default\">\n\t\t\t\t\t<div class=\"elementor-column elementor-col-100 elementor-top-column elementor-element elementor-element-0613c72\" data-id=\"0613c72\" data-element_type=\"column\">\n\t\t\t<div class=\"elementor-widget-wrap elementor-element-populated\">\n\t\t\t\t\t\t<section class=\"elementor-section elementor-inner-section elementor-element elementor-element-a4d0d85 elementor-section-boxed elementor-section-height-default elementor-section-height-default\" data-id=\"a4d0d85\" data-element_type=\"section\">\n\t\t\t\t\t\t<div class=\"elementor-container elementor-column-gap-default\">\n\t\t\t\t\t<div class=\"elementor-column elementor-col-50 elementor-inner-column elementor-element elementor-element-1875b0f\" data-id=\"1875b0f\" data-element_type=\"column\">\n\t\t\t<div class=\"elementor-widget-wrap elementor-element-populated\">\n\t\t\t\t\t\t<div class=\"elementor-element elementor-element-c6d63e6 elementor-invisible elementor-widget elementor-widget-global elementor-global-1593 elementor-widget-heading\" data-id=\"c6d63e6\" data-element_type=\"widget\" data-settings=\"{&quot;motion_fx_motion_fx_scrolling&quot;:&quot;yes&quot;,&quot;_animation&quot;:&quot;fadeInUp&quot;,&quot;motion_fx_devices&quot;:[&quot;desktop&quot;,&quot;tablet&quot;,&quot;mobile&quot;]}\" data-widget_type=\"heading.default\">\n\t\t\t\t<div class=\"elementor-widget-container\">\n\t\t\t\t\t<h2 class=\"elementor-heading-title elementor-size-default\">La teva aventura gastron\u00f2mica t&#039;espera<\/h2>\t\t\t\t<\/div>\n\t\t\t\t<\/div>\n\t\t\t\t<div class=\"elementor-element elementor-element-b3f32d6 animated-slow elementor-invisible elementor-widget elementor-widget-global elementor-global-1596 elementor-widget-text-editor\" data-id=\"b3f32d6\" data-element_type=\"widget\" data-settings=\"{&quot;motion_fx_motion_fx_scrolling&quot;:&quot;yes&quot;,&quot;_animation&quot;:&quot;fadeInUp&quot;,&quot;motion_fx_devices&quot;:[&quot;desktop&quot;,&quot;tablet&quot;,&quot;mobile&quot;]}\" data-widget_type=\"text-editor.default\">\n\t\t\t\t<div class=\"elementor-widget-container\">\n\t\t\t\t\t\t\t\t\t<div class=\"card-body\"><p class=\"text-white opacity-75 aos-init aos-animate\" data-aos=\"fade-up\" data-aos-delay=\"100\">Assegura el teu lloc a Thai Barcelona i embarca&#039;t en un viatge gastron\u00f2mic inoblidable<\/p><\/div>\t\t\t\t\t\t\t\t<\/div>\n\t\t\t\t<\/div>\n\t\t\t\t<div class=\"elementor-element elementor-element-09b3dc1 elementor-mobile-align-left elementor-invisible elementor-widget elementor-widget-global elementor-global-1590 elementor-widget-button\" data-id=\"09b3dc1\" data-element_type=\"widget\" data-settings=\"{&quot;_animation&quot;:&quot;fadeInUp&quot;}\" data-widget_type=\"button.default\">\n\t\t\t\t<div class=\"elementor-widget-container\">\n\t\t\t\t\t\t\t\t\t<div class=\"elementor-button-wrapper\">\n\t\t\t\t\t<a class=\"elementor-button elementor-button-link elementor-size-sm\" href=\"https:\/\/www.thaibarcelona.es\/ca\/contacte\/\">\n\t\t\t\t\t\t<span class=\"elementor-button-content-wrapper\">\n\t\t\t\t\t\t\t\t\t<span class=\"elementor-button-text\">Contactar<\/span>\n\t\t\t\t\t<\/span>\n\t\t\t\t\t<\/a>\n\t\t\t\t<\/div>\n\t\t\t\t\t\t\t\t<\/div>\n\t\t\t\t<\/div>\n\t\t\t\t\t<\/div>\n\t\t<\/div>\n\t\t\t\t<div class=\"elementor-column elementor-col-50 elementor-inner-column elementor-element elementor-element-09cc636\" data-id=\"09cc636\" data-element_type=\"column\">\n\t\t\t<div class=\"elementor-widget-wrap\">\n\t\t\t\t\t\t\t<\/div>\n\t\t<\/div>\n\t\t\t\t\t<\/div>\n\t\t<\/section>\n\t\t\t\t\t<\/div>\n\t\t<\/div>\n\t\t\t\t\t<\/div>\n\t\t<\/section>\n\t\t\t\t<\/div>","protected":false},"excerpt":{"rendered":"<p>Pol\u00edtica de privacidad Registro Mercantil de Barcelona.Tomo 46108, Folio 0116, Hoja 173633, Secci\u00f3n General,&nbsp; Inscrip.29 CIF B61557393 En THAI CONSULTANT PARTNERS BARCELONA SL trabajamos para garantizar la privacidad en el tratamiento de sus datos personales. Hemos actualizado nuestra Pol\u00edtica de Privacidad para informar claramente de c\u00f3mo recogemos, utilizamos y custodiamos los datos de las personas [&hellip;]<\/p>","protected":false},"author":2,"featured_media":0,"parent":0,"menu_order":0,"comment_status":"closed","ping_status":"closed","template":"","meta":{"site-sidebar-layout":"no-sidebar","site-content-layout":"plain-container","ast-site-content-layout":"full-width-container","site-content-style":"unboxed","site-sidebar-style":"unboxed","ast-global-header-display":"","ast-banner-title-visibility":"","ast-main-header-display":"","ast-hfb-above-header-display":"","ast-hfb-below-header-display":"","ast-hfb-mobile-header-display":"","site-post-title":"","ast-breadcrumbs-content":"","ast-featured-img":"","footer-sml-layout":"","theme-transparent-header-meta":"enabled","adv-header-id-meta":"","stick-header-meta":"","header-above-stick-meta":"","header-main-stick-meta":"","header-below-stick-meta":"","astra-migrate-meta-layouts":"set","ast-page-background-enabled":"default","ast-page-background-meta":{"desktop":{"background-color":"","background-image":"","background-repeat":"repeat","background-position":"center center","background-size":"auto","background-attachment":"scroll","background-type":"","background-media":"","overlay-type":"","overlay-color":"","overlay-opacity":"","overlay-gradient":""},"tablet":{"background-color":"","background-image":"","background-repeat":"repeat","background-position":"center center","background-size":"auto","background-attachment":"scroll","background-type":"","background-media":"","overlay-type":"","overlay-color":"","overlay-opacity":"","overlay-gradient":""},"mobile":{"background-color":"","background-image":"","background-repeat":"repeat","background-position":"center center","background-size":"auto","background-attachment":"scroll","background-type":"","background-media":"","overlay-type":"","overlay-color":"","overlay-opacity":"","overlay-gradient":""}},"ast-content-background-meta":{"desktop":{"background-color":"var(--ast-global-color-5)","background-image":"","background-repeat":"repeat","background-position":"center center","background-size":"auto","background-attachment":"scroll","background-type":"","background-media":"","overlay-type":"","overlay-color":"","overlay-opacity":"","overlay-gradient":""},"tablet":{"background-color":"var(--ast-global-color-5)","background-image":"","background-repeat":"repeat","background-position":"center center","background-size":"auto","background-attachment":"scroll","background-type":"","background-media":"","overlay-type":"","overlay-color":"","overlay-opacity":"","overlay-gradient":""},"mobile":{"background-color":"var(--ast-global-color-5)","background-image":"","background-repeat":"repeat","background-position":"center center","background-size":"auto","background-attachment":"scroll","background-type":"","background-media":"","overlay-type":"","overlay-color":"","overlay-opacity":"","overlay-gradient":""}},"footnotes":""},"class_list":["post-1755","page","type-page","status-publish","hentry"],"_links":{"self":[{"href":"https:\/\/www.thaibarcelona.es\/ca\/wp-json\/wp\/v2\/pages\/1755","targetHints":{"allow":["GET"]}}],"collection":[{"href":"https:\/\/www.thaibarcelona.es\/ca\/wp-json\/wp\/v2\/pages"}],"about":[{"href":"https:\/\/www.thaibarcelona.es\/ca\/wp-json\/wp\/v2\/types\/page"}],"author":[{"embeddable":true,"href":"https:\/\/www.thaibarcelona.es\/ca\/wp-json\/wp\/v2\/users\/2"}],"replies":[{"embeddable":true,"href":"https:\/\/www.thaibarcelona.es\/ca\/wp-json\/wp\/v2\/comments?post=1755"}],"version-history":[{"count":10,"href":"https:\/\/www.thaibarcelona.es\/ca\/wp-json\/wp\/v2\/pages\/1755\/revisions"}],"predecessor-version":[{"id":2087,"href":"https:\/\/www.thaibarcelona.es\/ca\/wp-json\/wp\/v2\/pages\/1755\/revisions\/2087"}],"wp:attachment":[{"href":"https:\/\/www.thaibarcelona.es\/ca\/wp-json\/wp\/v2\/media?parent=1755"}],"curies":[{"name":"wp","href":"https:\/\/api.w.org\/{rel}","templated":true}]}}