{"id":1737,"date":"2025-10-28T09:43:05","date_gmt":"2025-10-28T09:43:05","guid":{"rendered":"http:\/\/dyjnjww.cluster100.hosting.ovh.net\/?page_id=1737"},"modified":"2025-10-28T09:53:04","modified_gmt":"2025-10-28T09:53:04","slug":"avis-legal","status":"publish","type":"page","link":"https:\/\/www.thaibarcelona.es\/ca\/avis-legal\/","title":{"rendered":"Av\u00eds legal"},"content":{"rendered":"<div data-elementor-type=\"wp-page\" data-elementor-id=\"1737\" class=\"elementor elementor-1737\" data-elementor-post-type=\"page\">\n\t\t\t\t\t\t<section class=\"elementor-section elementor-top-section elementor-element elementor-element-b04cc9b elementor-section-boxed elementor-section-height-default elementor-section-height-default\" data-id=\"b04cc9b\" data-element_type=\"section\" data-settings=\"{&quot;background_background&quot;:&quot;classic&quot;}\">\n\t\t\t\t\t\t<div class=\"elementor-container elementor-column-gap-default\">\n\t\t\t\t\t<div class=\"elementor-column elementor-col-100 elementor-top-column elementor-element elementor-element-f577961\" data-id=\"f577961\" data-element_type=\"column\">\n\t\t\t<div class=\"elementor-widget-wrap elementor-element-populated\">\n\t\t\t\t\t\t<div class=\"elementor-element elementor-element-3e1198f elementor-widget elementor-widget-heading\" data-id=\"3e1198f\" data-element_type=\"widget\" data-widget_type=\"heading.default\">\n\t\t\t\t<div class=\"elementor-widget-container\">\n\t\t\t\t\t<h1 class=\"elementor-heading-title elementor-size-default\">Av\u00eds Legal<\/h1>\t\t\t\t<\/div>\n\t\t\t\t<\/div>\n\t\t\t\t\t<\/div>\n\t\t<\/div>\n\t\t\t\t\t<\/div>\n\t\t<\/section>\n\t\t\t\t<section class=\"elementor-section elementor-top-section elementor-element elementor-element-d29f8f1 elementor-section-boxed elementor-section-height-default elementor-section-height-default\" data-id=\"d29f8f1\" data-element_type=\"section\" data-settings=\"{&quot;background_background&quot;:&quot;classic&quot;}\">\n\t\t\t\t\t\t\t<div class=\"elementor-background-overlay\"><\/div>\n\t\t\t\t\t\t\t<div class=\"elementor-container elementor-column-gap-default\">\n\t\t\t\t\t<div class=\"elementor-column elementor-col-100 elementor-top-column elementor-element elementor-element-b9d6d56\" data-id=\"b9d6d56\" data-element_type=\"column\">\n\t\t\t<div class=\"elementor-widget-wrap elementor-element-populated\">\n\t\t\t\t\t\t<div class=\"elementor-element elementor-element-1dff444 animated-slow elementor-widget elementor-widget-text-editor\" data-id=\"1dff444\" data-element_type=\"widget\" data-settings=\"{&quot;_animation&quot;:&quot;none&quot;}\" data-widget_type=\"text-editor.default\">\n\t\t\t\t<div class=\"elementor-widget-container\">\n\t\t\t\t\t\t\t\t\t<p><strong>1. OBJECTE<\/strong><\/p><p>Aquest av\u00eds legal regula l&#039;\u00fas i la utilitzaci\u00f3 del lloc web www.thaibarcelona.es, del qual \u00e9s titular THAI CONSULTANT PARTNERS BARCELONA SL (d&#039;ara endavant, EL PROPIETARI DEL WEB).<\/p><p>La navegaci\u00f3 pel lloc web del PROPIETARI DE LA WEB li atribueix la condici\u00f3 d&#039;USUARI del mateix i comporta la seva acceptaci\u00f3 plena i sense reserves de totes i cadascuna de les condicions publicades en aquest av\u00eds legal, advertint que aquestes condicions podran ser modificades sense notificaci\u00f3 pr\u00e8via per part del PROPIETARI DE LA WEB, en aquest cas es procedir\u00e0 a la seva publicaci\u00f3 i av\u00eds amb la m\u00e0xima.<\/p><p>Per aix\u00f2 \u00e9s recomanable llegir amb atenci\u00f3 el contingut en cas de desitjar accedir i fer \u00fas de la informaci\u00f3 i dels serveis oferts des d&#039;aquest lloc web.<\/p><p>\u00a0<\/p><p>L&#039;usuari, a m\u00e9s, s&#039;obliga a fer un \u00fas correcte del lloc web de conformitat amb les lleis, la bona fe, l&#039;ordre p\u00fablic, els usos del tr\u00e0nsit i aquest Av\u00eds Legal, i respondr\u00e0 endavant EL PROPIETARI DEL WEB o davant de tercers, de qualsevol dany i perjudici que poguessin causar com a conseq\u00fc\u00e8ncia de l&#039;incompliment d&#039;aquesta obligaci\u00f3.<\/p><p>\u00a0<\/p><p>Qualsevol utilitzaci\u00f3 diferent de l&#039;autoritzada est\u00e0 expressament prohibida, i el PROPIETARI DEL WEB pot denegar o retirar l&#039;acc\u00e9s i el seu \u00fas en qualsevol moment.<\/p><p>\u00a0<\/p><p><strong>2. IDENTIFICACI\u00d3<\/strong><\/p><p>EL PROPIETARI DEL WEB, en compliment de la Llei 34\/2002, d&#039;11 de juliol, de Serveis de la Societat de la Informaci\u00f3 i de Comer\u00e7 Electr\u00f2nic, us informa que:<\/p><p>\u00a0<\/p><p>La seva denominaci\u00f3 social \u00e9s: THAI CONSULTANT PARTNERS BARCELONA SL<\/p><p>\u2022 El seu CIF \u00e9s: B-61557393<\/p><p>\u2022 El seu domicili social \u00e9s a: C\/ DIPUTACI\u00d3 271 08007 BARCELONA<\/p><p>\u2022 Inscrita al Registre Mercantil de Barcelona<\/p><p>\u00a0<\/p><p><strong>3. COMUNICACIONS<\/strong><\/p><p>Per comunicar-se amb nosaltres, posem a la vostra disposici\u00f3 diferents mitjans de contacte que detallem a continuaci\u00f3:<\/p><p>\u00a0<\/p><p>\u2022 Tel: 934879898<\/p><p>\u2022 Mail: info@thaibarcelona.com<\/p><p><span style=\"font-style: inherit; font-weight: inherit;\">\u00a0<\/span><\/p><p><span style=\"font-style: inherit; font-weight: inherit;\">Totes les notificacions i comunicacions entre els usuaris i EL PROPIETARI DE LA WEB es consideraran eficaces, amb car\u00e0cter general, quan es realitzin a trav\u00e9s de qualsevol mitj\u00e0 dels detallats anteriorment.<\/span><\/p><p>\u00a0<\/p><p><strong>4. CONDICIONS D&#039;ACC\u00c9S I UTILITZACI\u00d3<\/strong><\/p><p>El lloc web i els seus serveis s\u00f3n lliures i gratu\u00efts. No obstant aix\u00f2, EL PROPIETARI DE LA WEB pot condicionar la utilitzaci\u00f3 d&#039;alguns dels serveis oferts a la seva web a l&#039;emplenament previ del corresponent formulari.<\/p><p>\u00a0<\/p><p>L&#039;usuari garanteix l&#039;autenticitat i l&#039;actualitat de totes aquelles dades que comuniqui al PROPIETARI DEL WEB i ser\u00e0 l&#039;\u00fanic responsable de les manifestacions falses o inexactes que faci.<\/p><p>\u00a0<\/p><p>L&#039;usuari es compromet expressament a fer un \u00fas adequat dels continguts i serveis del PROPIETARI DE LA WEB ia no utilitzar-los per, entre d&#039;altres:<\/p><p>\u00a0<\/p><p>a) Difondre continguts delictius, violents, pornogr\u00e0fics, racistes, xen\u00f2fobs, ofensius, d&#039;apologia del terrorisme o, en general, contraris a la llei o ordre p\u00fablic.<\/p><p>b) Introduir a la xarxa virus inform\u00e0tics o realitzar actuacions susceptibles d&#039;alterar, danyar, interrompre o generar errors o danys als documents electr\u00f2nics, dades o sistemes f\u00edsics i l\u00f2gics del PROPIETARI DEL WEB o de terceres persones; aix\u00ed com obstaculitzar lacc\u00e9s daltres usuaris al lloc web i als seus serveis mitjan\u00e7ant el consum massiu dels recursos inform\u00e0tics a trav\u00e9s dels quals EL PROPIETARI DE LA WEB presta els seus serveis.<\/p><p>c) Intentar accedir als comptes de correu electr\u00f2nic d&#039;altres usuaris oa \u00e0rees restringides dels sistemes inform\u00e0tics del PROPIETARI DEL WEB o de tercers i, si escau, extreure&#039;n informaci\u00f3.<\/p><p>d) Vulnerar els drets de propietat intel\u00b7lectual o industrial, aix\u00ed com violar la confidencialitat de la informaci\u00f3 del PROPIETARI DEL WEB o de tercers.<\/p><p>e) Suplantar la identitat de qualsevol altre usuari.<\/p><p>f) Reproduir, copiar, distribuir, posar a disposici\u00f3 de, o qualsevol altra forma de comunicaci\u00f3 p\u00fablica, transformar o modificar els continguts, llevat que es disposi de l&#039;autoritzaci\u00f3 del titular dels drets corresponents o aix\u00f2 estigui legalment perm\u00e8s.<\/p><p>g) Sol\u00b7licitar dades amb finalitat publicit\u00e0ria i remetre publicitat de qualsevol classe i comunicacions amb fins de venda o altres de naturalesa comercial sense que hi hagi la pr\u00e8via sol\u00b7licitud o consentiment.<\/p><p>Tots els continguts del lloc web, com ara textos, fotografies, gr\u00e0fics, imatges, icones, tecnologia, programari, aix\u00ed com el seu disseny gr\u00e0fic i codis font, constitueixen una obra i la propietat pertany al PROPIETARI DEL WEB, sense que es puguin entendre cedits a l&#039;usuari cap dels drets d&#039;explotaci\u00f3 sobre aquests m\u00e9s enll\u00e0 del que \u00e9s estrictament necessari per al correcte \u00fas del web.<\/p><p>\u00a0<\/p><p>En definitiva, els usuaris que accedeixin a aquest lloc web poden visualitzar els continguts i efectuar, si escau, c\u00f2pies privades autoritzades sempre que els elements reprodu\u00efts no siguin cedits posteriorment a tercers, ni s&#039;instal\u00b7lin a servidors connectats a xarxes, ni siguin objecte de cap tipus d&#039;explotaci\u00f3.<\/p><p>\u00a0<\/p><p>Aix\u00ed mateix, totes les marques, noms comercials o senyals distintius de qualsevol classe que apareixen al lloc web s\u00f3n propietat del PROPIETARI DEL WEB, sense que es pugui entendre que l&#039;\u00fas o acc\u00e9s a aquest atribueixi a l&#039;usuari cap dret sobre aquests.<\/p><p>\u00a0<\/p><p>La distribuci\u00f3, modificaci\u00f3, cessi\u00f3 o comunicaci\u00f3 p\u00fablica dels continguts i qualsevol altre acte que no hagi estat expressament autoritzat pel titular dels drets dexplotaci\u00f3 queden prohibits.<\/p><p>L&#039;establiment d&#039;un hiperenlla\u00e7 no implica en cap cas l&#039;exist\u00e8ncia de relacions entre EL PROPIETARI DE LA WEB i el propietari del lloc web on s&#039;estableixi, ni l&#039;acceptaci\u00f3 i l&#039;aprovaci\u00f3 per part del PROPIETARI DE LA WEB dels seus continguts o serveis.<\/p><p>\u00a0<\/p><p>EL PROPIETARI DE LA WEB no es responsabilitza de l&#039;\u00fas que cada usuari doni als materials posats a disposici\u00f3 en aquest lloc web ni de les actuacions que realitzi sobre la base d&#039;aquests.<\/p><p>\u00a0<\/p><p><strong>EXCLUSI\u00d3 DE GARANTIES I DE RESPONSABILITAT EN L&#039;ACC\u00c9S I LA UTILITZACI\u00d3<\/strong><\/p><p>El contingut del present lloc web \u00e9s de car\u00e0cter general i t\u00e9 una finalitat merament informativa, sense que se&#039;n garanteixi plenament l&#039;acc\u00e9s a tots els continguts, ni la seva exhaustivitat, correcci\u00f3, vig\u00e8ncia o actualitat, ni la seva idone\u00eftat o utilitat per a un objectiu espec\u00edfic.<\/p><p>\u00a0<\/p><p>EL PROPIETARI DEL WEB exclou, fins on permet l&#039;ordenament jur\u00eddic, qualsevol responsabilitat pels danys i perjudici de tota naturalesa derivats de:<\/p><p>\u00a0<\/p><p>a) La impossibilitat d&#039;acc\u00e9s al lloc web o la manca de veracitat, exactitud, exhaustivitat i\/o actualitat dels continguts, aix\u00ed com l&#039;exist\u00e8ncia de vicis i defectes de tota mena dels continguts transmesos, difosos, emmagatzemats, posats a disposici\u00f3, als quals s&#039;hagi accedit a trav\u00e9s del lloc web o dels serveis que s&#039;hi ofereixen.<\/p><p>b) La pres\u00e8ncia de virus o d&#039;altres elements en els continguts que puguin produir alteracions als sistemes inform\u00e0tics, documents electr\u00f2nics o dades dels usuaris.<\/p><p>c) L&#039;incompliment de les lleis, la bona fe, l&#039;ordre p\u00fablic, els usos del tr\u00e0nsit i aquest av\u00eds legal com a conseq\u00fc\u00e8ncia de l&#039;\u00fas incorrecte del lloc web. En particular, ia tall d&#039;exemple, EL PROPIETARI DE LA WEB no es fa responsable de les actuacions de tercers que vulnerin drets de propietat intel\u00b7lectual i industrial, secrets empresarials, drets a l&#039;honor, a la intimitat personal i familiar ia la pr\u00f2pia imatge, aix\u00ed com la normativa en mat\u00e8ria de compet\u00e8ncia deslleial i publicitat il\u00b7l\u00edcita.<\/p><p>\u00a0<\/p><p>Aix\u00ed mateix, EL PROPIETARI DE LA WEB declina qualsevol responsabilitat respecte a la informaci\u00f3 que estigui fora d&#039;aquesta web i no sigui gestionada directament pel nostre webmaster. La funci\u00f3 dels links que apareixen en aquesta web \u00e9s exclusivament informar l&#039;usuari sobre l&#039;exist\u00e8ncia d&#039;altres fonts susceptibles d&#039;ampliar els continguts que ofereix aquest lloc web. EL PROPIETARI DE LA WEB no garanteix ni es responsabilitza del funcionament o accessibilitat dels llocs enlla\u00e7ats; ni suggereix, convida o recomana la visita a aquests, de manera que tampoc ser\u00e0 responsable del resultat obtingut. EL PROPIETARI DEL WEB no es responsabilitza de l&#039;establiment d&#039;hipervincles per part de tercers.<\/p><p>\u00a0<\/p><p><strong>4.2. PROCEDIMENT EN CAS DE REALITZACI\u00d3 D&#039;ACTIVITATS DE CAR\u00c0CTER IL\u00b7L\u00cdCIT<\/strong><\/p><p>En el cas que qualsevol usuari o un tercer consideri que hi ha fets o circumst\u00e0ncies que revelin el car\u00e0cter il\u00b7l\u00edcit de la utilitzaci\u00f3 de qualsevol contingut i\/o de la realitzaci\u00f3 de qualsevol activitat a les p\u00e0gines web incloses o accessibles a trav\u00e9s del lloc web, haur\u00e0 d&#039;enviar una notificaci\u00f3 al PROPIETARI DEL WEB identificant-se degudament i especificant les suposades infraccions.<\/p><p>\u00a0<\/p><p><strong>4.3. PUBLICACIONS<\/strong><\/p><p>La informaci\u00f3 administrativa facilitada a trav\u00e9s del lloc web no substitueix la publicitat legal de les lleis, normatives, plans, disposicions generals i actes que hagin de ser publicats formalment als diaris oficials de les administracions p\u00fabliques, que constitueixen l&#039;\u00fanic instrument que d\u00f3na fe de la seva autenticitat i contingut. La informaci\u00f3 disponible en aquest lloc web s&#039;ha d&#039;entendre com a guia sense prop\u00f2sit de validesa legal.<\/p><p>\u00a0<\/p><p><strong>5. LEGISLACI\u00d3 APLICABLE<\/strong><\/p><p>Les condicions presents es regeixen per la legislaci\u00f3 espanyola vigent.<\/p><p>\u00a0<\/p>\t\t\t\t\t\t\t\t<\/div>\n\t\t\t\t<\/div>\n\t\t\t\t\t<\/div>\n\t\t<\/div>\n\t\t\t\t\t<\/div>\n\t\t<\/section>\n\t\t\t\t<section class=\"elementor-section elementor-top-section elementor-element elementor-element-c420ada elementor-section-boxed elementor-section-height-default elementor-section-height-default elementor-invisible\" data-id=\"c420ada\" data-element_type=\"section\" data-settings=\"{&quot;background_background&quot;:&quot;classic&quot;,&quot;background_motion_fx_motion_fx_scrolling&quot;:&quot;yes&quot;,&quot;background_motion_fx_scale_effect&quot;:&quot;yes&quot;,&quot;background_motion_fx_scale_speed&quot;:{&quot;unit&quot;:&quot;px&quot;,&quot;size&quot;:3,&quot;sizes&quot;:[]},&quot;background_motion_fx_scale_range&quot;:{&quot;unit&quot;:&quot;%&quot;,&quot;size&quot;:&quot;&quot;,&quot;sizes&quot;:{&quot;start&quot;:0,&quot;end&quot;:100}},&quot;animation&quot;:&quot;fadeIn&quot;,&quot;background_motion_fx_scale_direction&quot;:&quot;out-in&quot;,&quot;background_motion_fx_devices&quot;:[&quot;desktop&quot;,&quot;tablet&quot;,&quot;mobile&quot;]}\">\n\t\t\t\t\t\t\t<div class=\"elementor-background-overlay\"><\/div>\n\t\t\t\t\t\t\t<div class=\"elementor-container elementor-column-gap-default\">\n\t\t\t\t\t<div class=\"elementor-column elementor-col-100 elementor-top-column elementor-element elementor-element-0613c72\" data-id=\"0613c72\" data-element_type=\"column\">\n\t\t\t<div class=\"elementor-widget-wrap elementor-element-populated\">\n\t\t\t\t\t\t<section class=\"elementor-section elementor-inner-section elementor-element elementor-element-a4d0d85 elementor-section-boxed elementor-section-height-default elementor-section-height-default\" data-id=\"a4d0d85\" data-element_type=\"section\">\n\t\t\t\t\t\t<div class=\"elementor-container elementor-column-gap-default\">\n\t\t\t\t\t<div class=\"elementor-column elementor-col-50 elementor-inner-column elementor-element elementor-element-1875b0f\" data-id=\"1875b0f\" data-element_type=\"column\">\n\t\t\t<div class=\"elementor-widget-wrap elementor-element-populated\">\n\t\t\t\t\t\t<div class=\"elementor-element elementor-element-c6d63e6 elementor-invisible elementor-widget elementor-widget-global elementor-global-1593 elementor-widget-heading\" data-id=\"c6d63e6\" data-element_type=\"widget\" data-settings=\"{&quot;motion_fx_motion_fx_scrolling&quot;:&quot;yes&quot;,&quot;_animation&quot;:&quot;fadeInUp&quot;,&quot;motion_fx_devices&quot;:[&quot;desktop&quot;,&quot;tablet&quot;,&quot;mobile&quot;]}\" data-widget_type=\"heading.default\">\n\t\t\t\t<div class=\"elementor-widget-container\">\n\t\t\t\t\t<h2 class=\"elementor-heading-title elementor-size-default\">La teva aventura gastron\u00f2mica t&#039;espera<\/h2>\t\t\t\t<\/div>\n\t\t\t\t<\/div>\n\t\t\t\t<div class=\"elementor-element elementor-element-b3f32d6 animated-slow elementor-invisible elementor-widget elementor-widget-global elementor-global-1596 elementor-widget-text-editor\" data-id=\"b3f32d6\" data-element_type=\"widget\" data-settings=\"{&quot;motion_fx_motion_fx_scrolling&quot;:&quot;yes&quot;,&quot;_animation&quot;:&quot;fadeInUp&quot;,&quot;motion_fx_devices&quot;:[&quot;desktop&quot;,&quot;tablet&quot;,&quot;mobile&quot;]}\" data-widget_type=\"text-editor.default\">\n\t\t\t\t<div class=\"elementor-widget-container\">\n\t\t\t\t\t\t\t\t\t<div class=\"card-body\"><p class=\"text-white opacity-75 aos-init aos-animate\" data-aos=\"fade-up\" data-aos-delay=\"100\">Assegura el teu lloc a Thai Barcelona i embarca&#039;t en un viatge gastron\u00f2mic inoblidable<\/p><\/div>\t\t\t\t\t\t\t\t<\/div>\n\t\t\t\t<\/div>\n\t\t\t\t<div class=\"elementor-element elementor-element-09b3dc1 elementor-mobile-align-left elementor-invisible elementor-widget elementor-widget-global elementor-global-1590 elementor-widget-button\" data-id=\"09b3dc1\" data-element_type=\"widget\" data-settings=\"{&quot;_animation&quot;:&quot;fadeInUp&quot;}\" data-widget_type=\"button.default\">\n\t\t\t\t<div class=\"elementor-widget-container\">\n\t\t\t\t\t\t\t\t\t<div class=\"elementor-button-wrapper\">\n\t\t\t\t\t<a class=\"elementor-button elementor-button-link elementor-size-sm\" href=\"https:\/\/www.thaibarcelona.es\/ca\/contacte\/\">\n\t\t\t\t\t\t<span class=\"elementor-button-content-wrapper\">\n\t\t\t\t\t\t\t\t\t<span class=\"elementor-button-text\">Contactar<\/span>\n\t\t\t\t\t<\/span>\n\t\t\t\t\t<\/a>\n\t\t\t\t<\/div>\n\t\t\t\t\t\t\t\t<\/div>\n\t\t\t\t<\/div>\n\t\t\t\t\t<\/div>\n\t\t<\/div>\n\t\t\t\t<div class=\"elementor-column elementor-col-50 elementor-inner-column elementor-element elementor-element-09cc636\" data-id=\"09cc636\" data-element_type=\"column\">\n\t\t\t<div class=\"elementor-widget-wrap\">\n\t\t\t\t\t\t\t<\/div>\n\t\t<\/div>\n\t\t\t\t\t<\/div>\n\t\t<\/section>\n\t\t\t\t\t<\/div>\n\t\t<\/div>\n\t\t\t\t\t<\/div>\n\t\t<\/section>\n\t\t\t\t<\/div>","protected":false},"excerpt":{"rendered":"<p>Aviso Legal 1. OBJETO El presente aviso legal regula el uso y utilizaci\u00f3n del sitio web www.thaibarcelona.es, del cual es titular THAI CONSULTANT PARTNERS BARCELONA SL (en adelante, EL PROPIETARIO DE LA WEB). La navegaci\u00f3n por el sitio web del PROPIETARIO DE LA WEB le atribuye la condici\u00f3n de USUARIO del mismo y comporta su [&hellip;]<\/p>","protected":false},"author":2,"featured_media":0,"parent":0,"menu_order":0,"comment_status":"closed","ping_status":"closed","template":"","meta":{"site-sidebar-layout":"no-sidebar","site-content-layout":"plain-container","ast-site-content-layout":"full-width-container","site-content-style":"unboxed","site-sidebar-style":"unboxed","ast-global-header-display":"","ast-banner-title-visibility":"","ast-main-header-display":"","ast-hfb-above-header-display":"","ast-hfb-below-header-display":"","ast-hfb-mobile-header-display":"","site-post-title":"","ast-breadcrumbs-content":"","ast-featured-img":"","footer-sml-layout":"","theme-transparent-header-meta":"enabled","adv-header-id-meta":"","stick-header-meta":"","header-above-stick-meta":"","header-main-stick-meta":"","header-below-stick-meta":"","astra-migrate-meta-layouts":"set","ast-page-background-enabled":"default","ast-page-background-meta":{"desktop":{"background-color":"","background-image":"","background-repeat":"repeat","background-position":"center center","background-size":"auto","background-attachment":"scroll","background-type":"","background-media":"","overlay-type":"","overlay-color":"","overlay-opacity":"","overlay-gradient":""},"tablet":{"background-color":"","background-image":"","background-repeat":"repeat","background-position":"center center","background-size":"auto","background-attachment":"scroll","background-type":"","background-media":"","overlay-type":"","overlay-color":"","overlay-opacity":"","overlay-gradient":""},"mobile":{"background-color":"","background-image":"","background-repeat":"repeat","background-position":"center center","background-size":"auto","background-attachment":"scroll","background-type":"","background-media":"","overlay-type":"","overlay-color":"","overlay-opacity":"","overlay-gradient":""}},"ast-content-background-meta":{"desktop":{"background-color":"var(--ast-global-color-5)","background-image":"","background-repeat":"repeat","background-position":"center center","background-size":"auto","background-attachment":"scroll","background-type":"","background-media":"","overlay-type":"","overlay-color":"","overlay-opacity":"","overlay-gradient":""},"tablet":{"background-color":"var(--ast-global-color-5)","background-image":"","background-repeat":"repeat","background-position":"center center","background-size":"auto","background-attachment":"scroll","background-type":"","background-media":"","overlay-type":"","overlay-color":"","overlay-opacity":"","overlay-gradient":""},"mobile":{"background-color":"var(--ast-global-color-5)","background-image":"","background-repeat":"repeat","background-position":"center center","background-size":"auto","background-attachment":"scroll","background-type":"","background-media":"","overlay-type":"","overlay-color":"","overlay-opacity":"","overlay-gradient":""}},"footnotes":""},"class_list":["post-1737","page","type-page","status-publish","hentry"],"_links":{"self":[{"href":"https:\/\/www.thaibarcelona.es\/ca\/wp-json\/wp\/v2\/pages\/1737","targetHints":{"allow":["GET"]}}],"collection":[{"href":"https:\/\/www.thaibarcelona.es\/ca\/wp-json\/wp\/v2\/pages"}],"about":[{"href":"https:\/\/www.thaibarcelona.es\/ca\/wp-json\/wp\/v2\/types\/page"}],"author":[{"embeddable":true,"href":"https:\/\/www.thaibarcelona.es\/ca\/wp-json\/wp\/v2\/users\/2"}],"replies":[{"embeddable":true,"href":"https:\/\/www.thaibarcelona.es\/ca\/wp-json\/wp\/v2\/comments?post=1737"}],"version-history":[{"count":10,"href":"https:\/\/www.thaibarcelona.es\/ca\/wp-json\/wp\/v2\/pages\/1737\/revisions"}],"predecessor-version":[{"id":1749,"href":"https:\/\/www.thaibarcelona.es\/ca\/wp-json\/wp\/v2\/pages\/1737\/revisions\/1749"}],"wp:attachment":[{"href":"https:\/\/www.thaibarcelona.es\/ca\/wp-json\/wp\/v2\/media?parent=1737"}],"curies":[{"name":"wp","href":"https:\/\/api.w.org\/{rel}","templated":true}]}}