{"id":1700,"date":"2025-10-27T09:49:17","date_gmt":"2025-10-27T09:49:17","guid":{"rendered":"http:\/\/dyjnjww.cluster100.hosting.ovh.net\/?page_id=1700"},"modified":"2025-12-12T15:17:14","modified_gmt":"2025-12-12T13:17:14","slug":"take-away","status":"publish","type":"page","link":"https:\/\/www.thaibarcelona.es\/ca\/take-away\/","title":{"rendered":"Take away"},"content":{"rendered":"<div data-elementor-type=\"wp-page\" data-elementor-id=\"1700\" class=\"elementor elementor-1700\" data-elementor-post-type=\"page\">\n\t\t\t\t\t\t<section class=\"elementor-section elementor-top-section elementor-element elementor-element-d29f8f1 elementor-section-full_width elementor-section-height-default elementor-section-height-default\" data-id=\"d29f8f1\" data-element_type=\"section\" data-settings=\"{&quot;background_background&quot;:&quot;classic&quot;}\">\n\t\t\t\t\t\t\t<div class=\"elementor-background-overlay\"><\/div>\n\t\t\t\t\t\t\t<div class=\"elementor-container elementor-column-gap-default\">\n\t\t\t\t\t<div class=\"elementor-column elementor-col-100 elementor-top-column elementor-element elementor-element-d398fcf\" data-id=\"d398fcf\" data-element_type=\"column\">\n\t\t\t<div class=\"elementor-widget-wrap elementor-element-populated\">\n\t\t\t\t\t\t<section class=\"elementor-section elementor-inner-section elementor-element elementor-element-1464b5d elementor-section-boxed elementor-section-height-default elementor-section-height-default\" data-id=\"1464b5d\" data-element_type=\"section\">\n\t\t\t\t\t\t<div class=\"elementor-container elementor-column-gap-default\">\n\t\t\t\t\t<div class=\"elementor-column elementor-col-33 elementor-inner-column elementor-element elementor-element-68025a0\" data-id=\"68025a0\" data-element_type=\"column\">\n\t\t\t<div class=\"elementor-widget-wrap\">\n\t\t\t\t\t\t\t<\/div>\n\t\t<\/div>\n\t\t\t\t<div class=\"elementor-column elementor-col-33 elementor-inner-column elementor-element elementor-element-6f53149\" data-id=\"6f53149\" data-element_type=\"column\">\n\t\t\t<div class=\"elementor-widget-wrap elementor-element-populated\">\n\t\t\t\t\t\t<div class=\"elementor-element elementor-element-51c7df4 elementor-widget elementor-widget-heading\" data-id=\"51c7df4\" data-element_type=\"widget\" data-widget_type=\"heading.default\">\n\t\t\t\t<div class=\"elementor-widget-container\">\n\t\t\t\t\t<h1 class=\"elementor-heading-title elementor-size-default\">Els nostres Plats | A la Carta<\/h1>\t\t\t\t<\/div>\n\t\t\t\t<\/div>\n\t\t\t\t<div class=\"elementor-element elementor-element-ef20a40 elementor-widget elementor-widget-text-editor\" data-id=\"ef20a40\" data-element_type=\"widget\" data-widget_type=\"text-editor.default\">\n\t\t\t\t<div class=\"elementor-widget-container\">\n\t\t\t\t\t\t\t\t\t<div class=\"container d-flex flex-column py-20\">\n<div class=\"row align-items-start justify-content-start mt-lg-10 foreground\">\n<div class=\"col-lg-4 mt-4 mt-lg-0\">\n<div class=\"row justify-content-center mb-6\">\n<div class=\"col-lg-8 text-center\">\n<p class=\"lead text-secondary lh-lg\">A Thai Barcelona | Royal Cuisine oferim la gastronomia de la reialesa de Tail\u00e0ndia, l&#039;elaboraci\u00f3 de la qual exigeix una gran cura amb els detalls i la selecci\u00f3 de les millors mat\u00e8ries primeres. Tots els plats de la carta es preparen de seguida i de manera artesanal. Sempre fidels al poble tailand\u00e8s, ens adaptem al gust i prefer\u00e8ncies dels nostres clients.\n\n<\/p>\n\n<\/div>\n<\/div>\n<div class=\"row g-4 align-items-end justify-content-center\">\n<div class=\"col-6 col-md-4\"><\/div>\n<\/div>\n<\/div>\n<\/div>\n<\/div>\t\t\t\t\t\t\t\t<\/div>\n\t\t\t\t<\/div>\n\t\t\t\t<div class=\"elementor-element elementor-element-36315f67 elementor-align-center elementor-widget elementor-widget-button\" data-id=\"36315f67\" data-element_type=\"widget\" data-widget_type=\"button.default\">\n\t\t\t\t<div class=\"elementor-widget-container\">\n\t\t\t\t\t\t\t\t\t<div class=\"elementor-button-wrapper\">\n\t\t\t\t\t<a class=\"elementor-button elementor-button-link elementor-size-sm\" href=\"tel:+34934879898\">\n\t\t\t\t\t\t<span class=\"elementor-button-content-wrapper\">\n\t\t\t\t\t\t<span class=\"elementor-button-icon\">\n\t\t\t\t<i aria-hidden=\"true\" class=\"fas fa-phone-alt\"><\/i>\t\t\t<\/span>\n\t\t\t\t\t\t\t\t\t<span class=\"elementor-button-text\">Take Away | Truca&#039;ns al 93 487 98 98<\/span>\n\t\t\t\t\t<\/span>\n\t\t\t\t\t<\/a>\n\t\t\t\t<\/div>\n\t\t\t\t\t\t\t\t<\/div>\n\t\t\t\t<\/div>\n\t\t\t\t\t<\/div>\n\t\t<\/div>\n\t\t\t\t<div class=\"elementor-column elementor-col-33 elementor-inner-column elementor-element elementor-element-2847230\" data-id=\"2847230\" data-element_type=\"column\">\n\t\t\t<div class=\"elementor-widget-wrap\">\n\t\t\t\t\t\t\t<\/div>\n\t\t<\/div>\n\t\t\t\t\t<\/div>\n\t\t<\/section>\n\t\t\t\t<section class=\"elementor-section elementor-inner-section elementor-element elementor-element-1741c84 elementor-section-full_width elementor-section-height-default elementor-section-height-default\" data-id=\"1741c84\" data-element_type=\"section\">\n\t\t\t\t\t\t<div class=\"elementor-container elementor-column-gap-default\">\n\t\t\t\t\t<div class=\"elementor-column elementor-col-33 elementor-inner-column elementor-element elementor-element-b25fa2e\" data-id=\"b25fa2e\" data-element_type=\"column\" data-settings=\"{&quot;background_background&quot;:&quot;classic&quot;}\">\n\t\t\t<div class=\"elementor-widget-wrap\">\n\t\t\t\t\t<div class=\"elementor-background-overlay\"><\/div>\n\t\t\t\t\t\t\t<\/div>\n\t\t<\/div>\n\t\t\t\t<div class=\"elementor-column elementor-col-33 elementor-inner-column elementor-element elementor-element-f09390d\" data-id=\"f09390d\" data-element_type=\"column\" data-settings=\"{&quot;background_background&quot;:&quot;classic&quot;}\">\n\t\t\t<div class=\"elementor-widget-wrap elementor-element-populated\">\n\t\t\t\t\t<div class=\"elementor-background-overlay\"><\/div>\n\t\t\t\t\t\t<div class=\"elementor-element elementor-element-ee096cd elementor-icon-list--layout-traditional elementor-list-item-link-full_width elementor-widget elementor-widget-icon-list\" data-id=\"ee096cd\" data-element_type=\"widget\" data-widget_type=\"icon-list.default\">\n\t\t\t\t<div class=\"elementor-widget-container\">\n\t\t\t\t\t\t\t<ul class=\"elementor-icon-list-items\">\n\t\t\t\t\t\t\t<li class=\"elementor-icon-list-item\">\n\t\t\t\t\t\t\t\t\t\t\t<a href=\"https:\/\/www.thaibarcelona.es\/wp-content\/uploads\/2026\/01\/Carta_cat_25-2-5.pdf\" target=\"_blank\">\n\n\t\t\t\t\t\t\t\t\t\t\t\t<span class=\"elementor-icon-list-icon\">\n\t\t\t\t\t\t\t<svg xmlns=\"http:\/\/www.w3.org\/2000\/svg\" id=\"Capa_1\" data-name=\"Capa 1\" viewbox=\"0 0 26 32.68\"><defs><style>.cls-1{fill:#fff;fill-rule:evenodd;}<\/style><\/defs><path class=\"cls-1\" d=\"M15,0h.13L26,10.94V27a5,5,0,0,1-5,5H5a5,5,0,0,1-5-5V5A5,5,0,0,1,5,0Zm4,10a3,3,0,0,1-3-3V3.41L22.59,10ZM9,19.41A1,1,0,1,1,10.41,18l1.48,1.47V14.11a1,1,0,0,1,2,0v5.36L15.36,18a1,1,0,0,1,1.42,0,1,1,0,0,1,0,1.41L13.6,22.6a1,1,0,0,1-1.42,0Z\"><\/path><\/svg>\t\t\t\t\t\t<\/span>\n\t\t\t\t\t\t\t\t\t\t<span class=\"elementor-icon-list-text\">DESCARREGAR<\/span>\n\t\t\t\t\t\t\t\t\t\t\t<\/a>\n\t\t\t\t\t\t\t\t\t<\/li>\n\t\t\t\t\t\t<\/ul>\n\t\t\t\t\t\t<\/div>\n\t\t\t\t<\/div>\n\t\t\t\t<div class=\"elementor-element elementor-element-c0d7bda elementor-widget elementor-widget-heading\" data-id=\"c0d7bda\" data-element_type=\"widget\" data-widget_type=\"heading.default\">\n\t\t\t\t<div class=\"elementor-widget-container\">\n\t\t\t\t\t<h3 class=\"elementor-heading-title elementor-size-default\">Carta<\/h3>\t\t\t\t<\/div>\n\t\t\t\t<\/div>\n\t\t\t\t\t<\/div>\n\t\t<\/div>\n\t\t\t\t<div class=\"elementor-column elementor-col-33 elementor-inner-column elementor-element elementor-element-2951013\" data-id=\"2951013\" data-element_type=\"column\" data-settings=\"{&quot;background_background&quot;:&quot;classic&quot;}\">\n\t\t\t<div class=\"elementor-widget-wrap\">\n\t\t\t\t\t<div class=\"elementor-background-overlay\"><\/div>\n\t\t\t\t\t\t\t<\/div>\n\t\t<\/div>\n\t\t\t\t\t<\/div>\n\t\t<\/section>\n\t\t\t\t<section class=\"elementor-section elementor-inner-section elementor-element elementor-element-8ed09de elementor-section-boxed elementor-section-height-default elementor-section-height-default\" data-id=\"8ed09de\" data-element_type=\"section\">\n\t\t\t\t\t\t<div class=\"elementor-container elementor-column-gap-default\">\n\t\t\t\t\t<div class=\"elementor-column elementor-col-25 elementor-inner-column elementor-element elementor-element-0b38b31\" data-id=\"0b38b31\" data-element_type=\"column\">\n\t\t\t<div class=\"elementor-widget-wrap elementor-element-populated\">\n\t\t\t\t\t\t<div class=\"elementor-element elementor-element-c1999ae elementor-widget elementor-widget-text-editor\" data-id=\"c1999ae\" data-element_type=\"widget\" data-widget_type=\"text-editor.default\">\n\t\t\t\t<div class=\"elementor-widget-container\">\n\t\t\t\t\t\t\t\t\t<div class=\"container d-flex flex-column py-20\"><div class=\"row align-items-start justify-content-start mt-lg-10 foreground\"><div class=\"col-lg-4 mt-4 mt-lg-0\"><div class=\"row justify-content-center mb-6\"><div class=\"col-lg-8 text-center\"><p class=\"lead text-secondary lh-lg\">100%<\/p><\/div><\/div><div class=\"row g-4 align-items-end justify-content-center\"><div class=\"col-6 col-md-4\">\u00a0<\/div><\/div><\/div><\/div><\/div>\t\t\t\t\t\t\t\t<\/div>\n\t\t\t\t<\/div>\n\t\t\t\t<div class=\"elementor-element elementor-element-c00b493 elementor-widget elementor-widget-text-editor\" data-id=\"c00b493\" data-element_type=\"widget\" data-widget_type=\"text-editor.default\">\n\t\t\t\t<div class=\"elementor-widget-container\">\n\t\t\t\t\t\t\t\t\t<div class=\"container d-flex flex-column py-20\"><div class=\"row align-items-start justify-content-start mt-lg-10 foreground\"><div class=\"col-lg-4 mt-4 mt-lg-0\"><div class=\"row justify-content-center mb-6\"><div class=\"col-lg-8 text-center\"><p class=\"lead text-secondary lh-lg\"><span style=\"color: #95a1a7;\">Tailand\u00e8s\u00a0<\/span><span class=\"text-black\">aut\u00e8ntic<\/span><\/p><\/div><\/div><\/div><\/div><\/div>\t\t\t\t\t\t\t\t<\/div>\n\t\t\t\t<\/div>\n\t\t\t\t\t<\/div>\n\t\t<\/div>\n\t\t\t\t<div class=\"elementor-column elementor-col-25 elementor-inner-column elementor-element elementor-element-f8efbb6\" data-id=\"f8efbb6\" data-element_type=\"column\">\n\t\t\t<div class=\"elementor-widget-wrap elementor-element-populated\">\n\t\t\t\t\t\t<div class=\"elementor-element elementor-element-427d1df elementor-widget elementor-widget-text-editor\" data-id=\"427d1df\" data-element_type=\"widget\" data-widget_type=\"text-editor.default\">\n\t\t\t\t<div class=\"elementor-widget-container\">\n\t\t\t\t\t\t\t\t\t<div class=\"container d-flex flex-column py-20\"><div class=\"row align-items-start justify-content-start mt-lg-10 foreground\"><div class=\"col-lg-4 mt-4 mt-lg-0\"><div class=\"row justify-content-center mb-6\"><div class=\"col-lg-8 text-center\"><p class=\"lead text-secondary lh-lg\"><del>Gluten<\/del><\/p><\/div><\/div><div class=\"row g-4 align-items-end justify-content-center\"><div class=\"col-6 col-md-4\">\u00a0<\/div><\/div><\/div><\/div><\/div>\t\t\t\t\t\t\t\t<\/div>\n\t\t\t\t<\/div>\n\t\t\t\t<div class=\"elementor-element elementor-element-ca1b1a4 elementor-widget elementor-widget-text-editor\" data-id=\"ca1b1a4\" data-element_type=\"widget\" data-widget_type=\"text-editor.default\">\n\t\t\t\t<div class=\"elementor-widget-container\">\n\t\t\t\t\t\t\t\t\t<div class=\"container d-flex flex-column py-20\"><div class=\"row align-items-start justify-content-start mt-lg-10 foreground\"><div class=\"col-lg-4 mt-4 mt-lg-0\"><div class=\"row justify-content-center mb-6\"><div class=\"col-lg-8 text-center\"><p class=\"lead text-secondary lh-lg\"><span style=\"color: #95a1a7;\">Opcions <\/span><span class=\"text-black\">sense gluten<\/span><\/p><\/div><\/div><\/div><\/div><\/div>\t\t\t\t\t\t\t\t<\/div>\n\t\t\t\t<\/div>\n\t\t\t\t\t<\/div>\n\t\t<\/div>\n\t\t\t\t<div class=\"elementor-column elementor-col-25 elementor-inner-column elementor-element elementor-element-781e7ef\" data-id=\"781e7ef\" data-element_type=\"column\">\n\t\t\t<div class=\"elementor-widget-wrap elementor-element-populated\">\n\t\t\t\t\t\t<div class=\"elementor-element elementor-element-64fb258 elementor-widget elementor-widget-text-editor\" data-id=\"64fb258\" data-element_type=\"widget\" data-widget_type=\"text-editor.default\">\n\t\t\t\t<div class=\"elementor-widget-container\">\n\t\t\t\t\t\t\t\t\t<div class=\"container d-flex flex-column py-20\"><div class=\"row align-items-start justify-content-start mt-lg-10 foreground\"><div class=\"col-lg-4 mt-4 mt-lg-0\"><div class=\"row justify-content-center mb-6\"><div class=\"col-lg-8 text-center\"><p class=\"lead text-secondary lh-lg\">Veggie<\/p><\/div><\/div><div class=\"row g-4 align-items-end justify-content-center\"><div class=\"col-6 col-md-4\">\u00a0<\/div><\/div><\/div><\/div><\/div>\t\t\t\t\t\t\t\t<\/div>\n\t\t\t\t<\/div>\n\t\t\t\t<div class=\"elementor-element elementor-element-b75bd3a elementor-widget elementor-widget-text-editor\" data-id=\"b75bd3a\" data-element_type=\"widget\" data-widget_type=\"text-editor.default\">\n\t\t\t\t<div class=\"elementor-widget-container\">\n\t\t\t\t\t\t\t\t\t<div class=\"container d-flex flex-column py-20\"><div class=\"row align-items-start justify-content-start mt-lg-10 foreground\"><div class=\"col-lg-4 mt-4 mt-lg-0\"><div class=\"row justify-content-center mb-6\"><div class=\"col-lg-8 text-center\"><p class=\"lead text-secondary lh-lg\"><span style=\"color: #95a1a7;\">Gran varietat de <\/span><span class=\"text-black\">plats vegetarians i vegans<\/span><\/p><\/div><\/div><\/div><\/div><\/div>\t\t\t\t\t\t\t\t<\/div>\n\t\t\t\t<\/div>\n\t\t\t\t\t<\/div>\n\t\t<\/div>\n\t\t\t\t<div class=\"elementor-column elementor-col-25 elementor-inner-column elementor-element elementor-element-9553b4d\" data-id=\"9553b4d\" data-element_type=\"column\">\n\t\t\t<div class=\"elementor-widget-wrap elementor-element-populated\">\n\t\t\t\t\t\t<div class=\"elementor-element elementor-element-bb6f9c4 elementor-widget elementor-widget-text-editor\" data-id=\"bb6f9c4\" data-element_type=\"widget\" data-widget_type=\"text-editor.default\">\n\t\t\t\t<div class=\"elementor-widget-container\">\n\t\t\t\t\t\t\t\t\t<div class=\"container d-flex flex-column py-20\"><div class=\"row align-items-start justify-content-start mt-lg-10 foreground\"><div class=\"col-lg-4 mt-4 mt-lg-0\"><div class=\"row justify-content-center mb-6\"><div class=\"col-lg-8 text-center\"><p class=\"lead text-secondary lh-lg\">Halal<\/p><\/div><\/div><div class=\"row g-4 align-items-end justify-content-center\"><div class=\"col-6 col-md-4\">\u00a0<\/div><\/div><\/div><\/div><\/div>\t\t\t\t\t\t\t\t<\/div>\n\t\t\t\t<\/div>\n\t\t\t\t<div class=\"elementor-element elementor-element-30f3fa3 elementor-widget elementor-widget-text-editor\" data-id=\"30f3fa3\" data-element_type=\"widget\" data-widget_type=\"text-editor.default\">\n\t\t\t\t<div class=\"elementor-widget-container\">\n\t\t\t\t\t\t\t\t\t<div class=\"container d-flex flex-column py-20\"><div class=\"row align-items-start justify-content-start mt-lg-10 foreground\"><div class=\"col-lg-4 mt-4 mt-lg-0\"><div class=\"row justify-content-center mb-6\"><div class=\"col-lg-8 text-center\"><p class=\"lead text-secondary lh-lg\"><span style=\"color: #95a1a7;\">Cuina apta <\/span><span class=\"text-black\">per a dietes halal<\/span><\/p><\/div><\/div><\/div><\/div><\/div>\t\t\t\t\t\t\t\t<\/div>\n\t\t\t\t<\/div>\n\t\t\t\t\t<\/div>\n\t\t<\/div>\n\t\t\t\t\t<\/div>\n\t\t<\/section>\n\t\t\t\t\t<\/div>\n\t\t<\/div>\n\t\t\t\t\t<\/div>\n\t\t<\/section>\n\t\t\t\t<section class=\"elementor-section elementor-top-section elementor-element elementor-element-52dfce34 elementor-section-boxed elementor-section-height-default elementor-section-height-default elementor-invisible\" data-id=\"52dfce34\" data-element_type=\"section\" data-settings=\"{&quot;background_background&quot;:&quot;classic&quot;,&quot;background_motion_fx_motion_fx_scrolling&quot;:&quot;yes&quot;,&quot;background_motion_fx_scale_effect&quot;:&quot;yes&quot;,&quot;background_motion_fx_scale_speed&quot;:{&quot;unit&quot;:&quot;px&quot;,&quot;size&quot;:3,&quot;sizes&quot;:[]},&quot;background_motion_fx_scale_range&quot;:{&quot;unit&quot;:&quot;%&quot;,&quot;size&quot;:&quot;&quot;,&quot;sizes&quot;:{&quot;start&quot;:0,&quot;end&quot;:100}},&quot;animation&quot;:&quot;fadeIn&quot;,&quot;background_motion_fx_scale_direction&quot;:&quot;out-in&quot;,&quot;background_motion_fx_devices&quot;:[&quot;desktop&quot;,&quot;tablet&quot;,&quot;mobile&quot;]}\">\n\t\t\t\t\t\t\t<div class=\"elementor-background-overlay\"><\/div>\n\t\t\t\t\t\t\t<div class=\"elementor-container elementor-column-gap-default\">\n\t\t\t\t\t<div class=\"elementor-column elementor-col-100 elementor-top-column elementor-element elementor-element-5fc85dff\" data-id=\"5fc85dff\" data-element_type=\"column\">\n\t\t\t<div class=\"elementor-widget-wrap elementor-element-populated\">\n\t\t\t\t\t\t<section class=\"elementor-section elementor-inner-section elementor-element elementor-element-2c23af21 elementor-section-boxed elementor-section-height-default elementor-section-height-default\" data-id=\"2c23af21\" data-element_type=\"section\">\n\t\t\t\t\t\t<div class=\"elementor-container elementor-column-gap-default\">\n\t\t\t\t\t<div class=\"elementor-column elementor-col-50 elementor-inner-column elementor-element elementor-element-659c1f8d\" data-id=\"659c1f8d\" data-element_type=\"column\">\n\t\t\t<div class=\"elementor-widget-wrap elementor-element-populated\">\n\t\t\t\t\t\t<div class=\"elementor-element elementor-element-66063c9d elementor-invisible elementor-widget elementor-widget-global elementor-global-1593 elementor-widget-heading\" data-id=\"66063c9d\" data-element_type=\"widget\" data-settings=\"{&quot;motion_fx_motion_fx_scrolling&quot;:&quot;yes&quot;,&quot;_animation&quot;:&quot;fadeInUp&quot;,&quot;motion_fx_devices&quot;:[&quot;desktop&quot;,&quot;tablet&quot;,&quot;mobile&quot;]}\" data-widget_type=\"heading.default\">\n\t\t\t\t<div class=\"elementor-widget-container\">\n\t\t\t\t\t<h2 class=\"elementor-heading-title elementor-size-default\">La teva aventura gastron\u00f2mica t&#039;espera<\/h2>\t\t\t\t<\/div>\n\t\t\t\t<\/div>\n\t\t\t\t<div class=\"elementor-element elementor-element-2b4c4849 animated-slow elementor-invisible elementor-widget elementor-widget-global elementor-global-1596 elementor-widget-text-editor\" data-id=\"2b4c4849\" data-element_type=\"widget\" data-settings=\"{&quot;motion_fx_motion_fx_scrolling&quot;:&quot;yes&quot;,&quot;_animation&quot;:&quot;fadeInUp&quot;,&quot;motion_fx_devices&quot;:[&quot;desktop&quot;,&quot;tablet&quot;,&quot;mobile&quot;]}\" data-widget_type=\"text-editor.default\">\n\t\t\t\t<div class=\"elementor-widget-container\">\n\t\t\t\t\t\t\t\t\t<div class=\"card-body\"><p class=\"text-white opacity-75 aos-init aos-animate\" data-aos=\"fade-up\" data-aos-delay=\"100\">Assegura el teu lloc a Thai Barcelona i embarca&#039;t en un viatge gastron\u00f2mic inoblidable<\/p><\/div>\t\t\t\t\t\t\t\t<\/div>\n\t\t\t\t<\/div>\n\t\t\t\t<div class=\"elementor-element elementor-element-575e1872 elementor-mobile-align-left elementor-invisible elementor-widget elementor-widget-global elementor-global-1590 elementor-widget-button\" data-id=\"575e1872\" data-element_type=\"widget\" data-settings=\"{&quot;_animation&quot;:&quot;fadeInUp&quot;}\" data-widget_type=\"button.default\">\n\t\t\t\t<div class=\"elementor-widget-container\">\n\t\t\t\t\t\t\t\t\t<div class=\"elementor-button-wrapper\">\n\t\t\t\t\t<a class=\"elementor-button elementor-button-link elementor-size-sm\" href=\"https:\/\/www.thaibarcelona.es\/ca\/contacte\/\">\n\t\t\t\t\t\t<span class=\"elementor-button-content-wrapper\">\n\t\t\t\t\t\t\t\t\t<span class=\"elementor-button-text\">Contactar<\/span>\n\t\t\t\t\t<\/span>\n\t\t\t\t\t<\/a>\n\t\t\t\t<\/div>\n\t\t\t\t\t\t\t\t<\/div>\n\t\t\t\t<\/div>\n\t\t\t\t\t<\/div>\n\t\t<\/div>\n\t\t\t\t<div class=\"elementor-column elementor-col-50 elementor-inner-column elementor-element elementor-element-28a2fa57\" data-id=\"28a2fa57\" data-element_type=\"column\">\n\t\t\t<div class=\"elementor-widget-wrap\">\n\t\t\t\t\t\t\t<\/div>\n\t\t<\/div>\n\t\t\t\t\t<\/div>\n\t\t<\/section>\n\t\t\t\t\t<\/div>\n\t\t<\/div>\n\t\t\t\t\t<\/div>\n\t\t<\/section>\n\t\t\t\t<\/div>","protected":false},"excerpt":{"rendered":"<p>Nuestros Platos | A la Carta En Thai Barcelona | Royal Cuisine ofrecemos la gastronom\u00eda de la realeza de Tailandia, cuya elaboraci\u00f3n exige un gran cuidado con los detalles y la selecci\u00f3n de las mejores materias primas. Todos los platos de la carta se preparan al momento y de manera artesanal. Siempre fieles al pueblo [&hellip;]<\/p>","protected":false},"author":2,"featured_media":0,"parent":0,"menu_order":0,"comment_status":"closed","ping_status":"closed","template":"","meta":{"site-sidebar-layout":"no-sidebar","site-content-layout":"plain-container","ast-site-content-layout":"full-width-container","site-content-style":"unboxed","site-sidebar-style":"unboxed","ast-global-header-display":"","ast-banner-title-visibility":"","ast-main-header-display":"","ast-hfb-above-header-display":"","ast-hfb-below-header-display":"","ast-hfb-mobile-header-display":"","site-post-title":"","ast-breadcrumbs-content":"","ast-featured-img":"","footer-sml-layout":"","theme-transparent-header-meta":"enabled","adv-header-id-meta":"","stick-header-meta":"","header-above-stick-meta":"","header-main-stick-meta":"","header-below-stick-meta":"","astra-migrate-meta-layouts":"set","ast-page-background-enabled":"default","ast-page-background-meta":{"desktop":{"background-color":"","background-image":"","background-repeat":"repeat","background-position":"center center","background-size":"auto","background-attachment":"scroll","background-type":"","background-media":"","overlay-type":"","overlay-color":"","overlay-opacity":"","overlay-gradient":""},"tablet":{"background-color":"","background-image":"","background-repeat":"repeat","background-position":"center center","background-size":"auto","background-attachment":"scroll","background-type":"","background-media":"","overlay-type":"","overlay-color":"","overlay-opacity":"","overlay-gradient":""},"mobile":{"background-color":"","background-image":"","background-repeat":"repeat","background-position":"center center","background-size":"auto","background-attachment":"scroll","background-type":"","background-media":"","overlay-type":"","overlay-color":"","overlay-opacity":"","overlay-gradient":""}},"ast-content-background-meta":{"desktop":{"background-color":"var(--ast-global-color-5)","background-image":"","background-repeat":"repeat","background-position":"center center","background-size":"auto","background-attachment":"scroll","background-type":"","background-media":"","overlay-type":"","overlay-color":"","overlay-opacity":"","overlay-gradient":""},"tablet":{"background-color":"var(--ast-global-color-5)","background-image":"","background-repeat":"repeat","background-position":"center center","background-size":"auto","background-attachment":"scroll","background-type":"","background-media":"","overlay-type":"","overlay-color":"","overlay-opacity":"","overlay-gradient":""},"mobile":{"background-color":"var(--ast-global-color-5)","background-image":"","background-repeat":"repeat","background-position":"center center","background-size":"auto","background-attachment":"scroll","background-type":"","background-media":"","overlay-type":"","overlay-color":"","overlay-opacity":"","overlay-gradient":""}},"footnotes":""},"class_list":["post-1700","page","type-page","status-publish","hentry"],"_links":{"self":[{"href":"https:\/\/www.thaibarcelona.es\/ca\/wp-json\/wp\/v2\/pages\/1700","targetHints":{"allow":["GET"]}}],"collection":[{"href":"https:\/\/www.thaibarcelona.es\/ca\/wp-json\/wp\/v2\/pages"}],"about":[{"href":"https:\/\/www.thaibarcelona.es\/ca\/wp-json\/wp\/v2\/types\/page"}],"author":[{"embeddable":true,"href":"https:\/\/www.thaibarcelona.es\/ca\/wp-json\/wp\/v2\/users\/2"}],"replies":[{"embeddable":true,"href":"https:\/\/www.thaibarcelona.es\/ca\/wp-json\/wp\/v2\/comments?post=1700"}],"version-history":[{"count":28,"href":"https:\/\/www.thaibarcelona.es\/ca\/wp-json\/wp\/v2\/pages\/1700\/revisions"}],"predecessor-version":[{"id":2407,"href":"https:\/\/www.thaibarcelona.es\/ca\/wp-json\/wp\/v2\/pages\/1700\/revisions\/2407"}],"wp:attachment":[{"href":"https:\/\/www.thaibarcelona.es\/ca\/wp-json\/wp\/v2\/media?parent=1700"}],"curies":[{"name":"wp","href":"https:\/\/api.w.org\/{rel}","templated":true}]}}