{"id":1552,"date":"2025-10-25T13:46:10","date_gmt":"2025-10-25T13:46:10","guid":{"rendered":"http:\/\/dyjnjww.cluster100.hosting.ovh.net\/?page_id=1552"},"modified":"2025-12-16T18:19:13","modified_gmt":"2025-12-16T16:19:13","slug":"reserves","status":"publish","type":"page","link":"https:\/\/www.thaibarcelona.es\/ca\/reserves\/","title":{"rendered":"Reserves"},"content":{"rendered":"<div data-elementor-type=\"wp-page\" data-elementor-id=\"1552\" class=\"elementor elementor-1552\" data-elementor-post-type=\"page\">\n\t\t\t\t\t\t<section class=\"elementor-section elementor-top-section elementor-element elementor-element-d29f8f1 elementor-section-boxed elementor-section-height-default elementor-section-height-default\" data-id=\"d29f8f1\" data-element_type=\"section\" data-settings=\"{&quot;background_background&quot;:&quot;classic&quot;}\">\n\t\t\t\t\t\t\t<div class=\"elementor-background-overlay\"><\/div>\n\t\t\t\t\t\t\t<div class=\"elementor-container elementor-column-gap-default\">\n\t\t\t\t\t<div class=\"elementor-column elementor-col-50 elementor-top-column elementor-element elementor-element-bc25bc9\" data-id=\"bc25bc9\" data-element_type=\"column\">\n\t\t\t<div class=\"elementor-widget-wrap elementor-element-populated\">\n\t\t\t\t\t\t<div class=\"elementor-element elementor-element-3e1198f elementor-widget elementor-widget-heading\" data-id=\"3e1198f\" data-element_type=\"widget\" data-widget_type=\"heading.default\">\n\t\t\t\t<div class=\"elementor-widget-container\">\n\t\t\t\t\t<h1 class=\"elementor-heading-title elementor-size-default\">La teva aventura gastron\u00f2mica t&#039;espera<\/h1>\t\t\t\t<\/div>\n\t\t\t\t<\/div>\n\t\t\t\t<div class=\"elementor-element elementor-element-acfeaba elementor-widget elementor-widget-text-editor\" data-id=\"acfeaba\" data-element_type=\"widget\" data-widget_type=\"text-editor.default\">\n\t\t\t\t<div class=\"elementor-widget-container\">\n\t\t\t\t\t\t\t\t\t<div class=\"container d-flex flex-column py-20\"><div class=\"row align-items-start justify-content-start mt-lg-10 foreground\"><div class=\"col-lg-4 mt-4 mt-lg-0\"><p style=\"text-align: left;\">Reserva la teva taula a Thai Barcelona i embarca&#039;t en un viatge culinari inoblidable.<\/p><\/div><\/div><\/div>\t\t\t\t\t\t\t\t<\/div>\n\t\t\t\t<\/div>\n\t\t\t\t<section class=\"elementor-section elementor-inner-section elementor-element elementor-element-5cfbf0a elementor-section-boxed elementor-section-height-default elementor-section-height-default\" data-id=\"5cfbf0a\" data-element_type=\"section\">\n\t\t\t\t\t\t<div class=\"elementor-container elementor-column-gap-default\">\n\t\t\t\t\t<div class=\"elementor-column elementor-col-50 elementor-inner-column elementor-element elementor-element-7c48fe3\" data-id=\"7c48fe3\" data-element_type=\"column\">\n\t\t\t<div class=\"elementor-widget-wrap elementor-element-populated\">\n\t\t\t\t\t\t<div class=\"elementor-element elementor-element-794013f elementor-icon-list--layout-traditional elementor-list-item-link-full_width elementor-widget elementor-widget-icon-list\" data-id=\"794013f\" data-element_type=\"widget\" data-widget_type=\"icon-list.default\">\n\t\t\t\t<div class=\"elementor-widget-container\">\n\t\t\t\t\t\t\t<ul class=\"elementor-icon-list-items\">\n\t\t\t\t\t\t\t<li class=\"elementor-icon-list-item\">\n\t\t\t\t\t\t\t\t\t\t\t<span class=\"elementor-icon-list-icon\">\n\t\t\t\t\t\t\t<svg xmlns=\"http:\/\/www.w3.org\/2000\/svg\" id=\"Capa_1\" data-name=\"Capa 1\" viewbox=\"0 0 141 138\"><defs><style>.cls-1,.cls-2{fill:#a93c2b;}.cls-1{opacity:0.2;}<\/style><\/defs><circle class=\"cls-1\" cx=\"70.5\" cy=\"69.5\" r=\"66.5\"><\/circle><path class=\"cls-2\" d=\"M33.65,69.87a2.29,2.29,0,0,1,3.52-2.94L56.74,90.31l50-47.44a2.29,2.29,0,1,1,3.15,3.32L58.2,95.24a1.37,1.37,0,0,1-.18.16,2.28,2.28,0,0,1-3.23-.29L33.65,69.86Z\"><\/path><\/svg>\t\t\t\t\t\t<\/span>\n\t\t\t\t\t\t\t\t\t\t<span class=\"elementor-icon-list-text\">Grups i esdeveniments<\/span>\n\t\t\t\t\t\t\t\t\t<\/li>\n\t\t\t\t\t\t\t\t<li class=\"elementor-icon-list-item\">\n\t\t\t\t\t\t\t\t\t\t\t<span class=\"elementor-icon-list-icon\">\n\t\t\t\t\t\t\t<svg xmlns=\"http:\/\/www.w3.org\/2000\/svg\" id=\"Capa_1\" data-name=\"Capa 1\" viewbox=\"0 0 141 138\"><defs><style>.cls-1,.cls-2{fill:#a93c2b;}.cls-1{opacity:0.2;}<\/style><\/defs><circle class=\"cls-1\" cx=\"70.5\" cy=\"69.5\" r=\"66.5\"><\/circle><path class=\"cls-2\" d=\"M33.65,69.87a2.29,2.29,0,0,1,3.52-2.94L56.74,90.31l50-47.44a2.29,2.29,0,1,1,3.15,3.32L58.2,95.24a1.37,1.37,0,0,1-.18.16,2.28,2.28,0,0,1-3.23-.29L33.65,69.86Z\"><\/path><\/svg>\t\t\t\t\t\t<\/span>\n\t\t\t\t\t\t\t\t\t\t<span class=\"elementor-icon-list-text\">Online Booking<\/span>\n\t\t\t\t\t\t\t\t\t<\/li>\n\t\t\t\t\t\t\t\t<li class=\"elementor-icon-list-item\">\n\t\t\t\t\t\t\t\t\t\t\t<span class=\"elementor-icon-list-icon\">\n\t\t\t\t\t\t\t<svg xmlns=\"http:\/\/www.w3.org\/2000\/svg\" id=\"Capa_1\" data-name=\"Capa 1\" viewbox=\"0 0 141 138\"><defs><style>.cls-1,.cls-2{fill:#a93c2b;}.cls-1{opacity:0.2;}<\/style><\/defs><circle class=\"cls-1\" cx=\"70.5\" cy=\"69.5\" r=\"66.5\"><\/circle><path class=\"cls-2\" d=\"M33.65,69.87a2.29,2.29,0,0,1,3.52-2.94L56.74,90.31l50-47.44a2.29,2.29,0,1,1,3.15,3.32L58.2,95.24a1.37,1.37,0,0,1-.18.16,2.28,2.28,0,0,1-3.23-.29L33.65,69.86Z\"><\/path><\/svg>\t\t\t\t\t\t<\/span>\n\t\t\t\t\t\t\t\t\t\t<span class=\"elementor-icon-list-text\">Tots els dies de la setmana<\/span>\n\t\t\t\t\t\t\t\t\t<\/li>\n\t\t\t\t\t\t<\/ul>\n\t\t\t\t\t\t<\/div>\n\t\t\t\t<\/div>\n\t\t\t\t\t<\/div>\n\t\t<\/div>\n\t\t\t\t<div class=\"elementor-column elementor-col-50 elementor-inner-column elementor-element elementor-element-501a437\" data-id=\"501a437\" data-element_type=\"column\">\n\t\t\t<div class=\"elementor-widget-wrap elementor-element-populated\">\n\t\t\t\t\t\t<div class=\"elementor-element elementor-element-3e2300c elementor-align-left elementor-icon-list--layout-traditional elementor-list-item-link-full_width elementor-widget elementor-widget-icon-list\" data-id=\"3e2300c\" data-element_type=\"widget\" data-widget_type=\"icon-list.default\">\n\t\t\t\t<div class=\"elementor-widget-container\">\n\t\t\t\t\t\t\t<ul class=\"elementor-icon-list-items\">\n\t\t\t\t\t\t\t<li class=\"elementor-icon-list-item\">\n\t\t\t\t\t\t\t\t\t\t\t<span class=\"elementor-icon-list-icon\">\n\t\t\t\t\t\t\t<svg xmlns=\"http:\/\/www.w3.org\/2000\/svg\" id=\"Capa_1\" data-name=\"Capa 1\" viewbox=\"0 0 141 138\"><defs><style>.cls-1,.cls-2{fill:#a93c2b;}.cls-1{opacity:0.2;}<\/style><\/defs><circle class=\"cls-1\" cx=\"70.5\" cy=\"69.5\" r=\"66.5\"><\/circle><path class=\"cls-2\" d=\"M33.65,69.87a2.29,2.29,0,0,1,3.52-2.94L56.74,90.31l50-47.44a2.29,2.29,0,1,1,3.15,3.32L58.2,95.24a1.37,1.37,0,0,1-.18.16,2.28,2.28,0,0,1-3.23-.29L33.65,69.86Z\"><\/path><\/svg>\t\t\t\t\t\t<\/span>\n\t\t\t\t\t\t\t\t\t\t<span class=\"elementor-icon-list-text\">Dinars i sopars<\/span>\n\t\t\t\t\t\t\t\t\t<\/li>\n\t\t\t\t\t\t\t\t<li class=\"elementor-icon-list-item\">\n\t\t\t\t\t\t\t\t\t\t\t<span class=\"elementor-icon-list-icon\">\n\t\t\t\t\t\t\t<svg xmlns=\"http:\/\/www.w3.org\/2000\/svg\" id=\"Capa_1\" data-name=\"Capa 1\" viewbox=\"0 0 141 138\"><defs><style>.cls-1,.cls-2{fill:#a93c2b;}.cls-1{opacity:0.2;}<\/style><\/defs><circle class=\"cls-1\" cx=\"70.5\" cy=\"69.5\" r=\"66.5\"><\/circle><path class=\"cls-2\" d=\"M33.65,69.87a2.29,2.29,0,0,1,3.52-2.94L56.74,90.31l50-47.44a2.29,2.29,0,1,1,3.15,3.32L58.2,95.24a1.37,1.37,0,0,1-.18.16,2.28,2.28,0,0,1-3.23-.29L33.65,69.86Z\"><\/path><\/svg>\t\t\t\t\t\t<\/span>\n\t\t\t\t\t\t\t\t\t\t<span class=\"elementor-icon-list-text\">100% Thai Experience<\/span>\n\t\t\t\t\t\t\t\t\t<\/li>\n\t\t\t\t\t\t\t\t<li class=\"elementor-icon-list-item\">\n\t\t\t\t\t\t\t\t\t\t\t<span class=\"elementor-icon-list-icon\">\n\t\t\t\t\t\t\t<svg xmlns=\"http:\/\/www.w3.org\/2000\/svg\" id=\"Capa_1\" data-name=\"Capa 1\" viewbox=\"0 0 141 138\"><defs><style>.cls-1,.cls-2{fill:#a93c2b;}.cls-1{opacity:0.2;}<\/style><\/defs><circle class=\"cls-1\" cx=\"70.5\" cy=\"69.5\" r=\"66.5\"><\/circle><path class=\"cls-2\" d=\"M33.65,69.87a2.29,2.29,0,0,1,3.52-2.94L56.74,90.31l50-47.44a2.29,2.29,0,1,1,3.15,3.32L58.2,95.24a1.37,1.37,0,0,1-.18.16,2.28,2.28,0,0,1-3.23-.29L33.65,69.86Z\"><\/path><\/svg>\t\t\t\t\t\t<\/span>\n\t\t\t\t\t\t\t\t\t\t<span class=\"elementor-icon-list-text\">Visa, Master Card, Diners Club, American Express, Ticket Restaurant, Xec Gourmet, Sodex-ho.<\/span>\n\t\t\t\t\t\t\t\t\t<\/li>\n\t\t\t\t\t\t<\/ul>\n\t\t\t\t\t\t<\/div>\n\t\t\t\t<\/div>\n\t\t\t\t\t<\/div>\n\t\t<\/div>\n\t\t\t\t\t<\/div>\n\t\t<\/section>\n\t\t\t\t\t<\/div>\n\t\t<\/div>\n\t\t\t\t<div class=\"elementor-column elementor-col-50 elementor-top-column elementor-element elementor-element-c2d21d5\" data-id=\"c2d21d5\" data-element_type=\"column\">\n\t\t\t<div class=\"elementor-widget-wrap elementor-element-populated\">\n\t\t\t\t\t\t<div class=\"elementor-element elementor-element-3cd86b2 elementor-widget elementor-widget-html\" data-id=\"3cd86b2\" data-element_type=\"widget\" data-widget_type=\"html.default\">\n\t\t\t\t<div class=\"elementor-widget-container\">\n\t\t\t\t\t<iframe src=\"https:\/\/module.lafourchette.com\/es_ES\/module\/2569-29687\" style=\"width: 100%; min-height:800px; border:none; scrolling:yes;\"><\/iframe>\t\t\t\t<\/div>\n\t\t\t\t<\/div>\n\t\t\t\t\t<\/div>\n\t\t<\/div>\n\t\t\t\t\t<\/div>\n\t\t<\/section>\n\t\t\t\t<section class=\"elementor-section elementor-top-section elementor-element elementor-element-52dfce34 elementor-section-boxed elementor-section-height-default elementor-section-height-default elementor-invisible\" data-id=\"52dfce34\" data-element_type=\"section\" data-settings=\"{&quot;background_background&quot;:&quot;classic&quot;,&quot;background_motion_fx_motion_fx_scrolling&quot;:&quot;yes&quot;,&quot;background_motion_fx_scale_effect&quot;:&quot;yes&quot;,&quot;background_motion_fx_scale_speed&quot;:{&quot;unit&quot;:&quot;px&quot;,&quot;size&quot;:3,&quot;sizes&quot;:[]},&quot;background_motion_fx_scale_range&quot;:{&quot;unit&quot;:&quot;%&quot;,&quot;size&quot;:&quot;&quot;,&quot;sizes&quot;:{&quot;start&quot;:0,&quot;end&quot;:100}},&quot;animation&quot;:&quot;fadeIn&quot;,&quot;background_motion_fx_scale_direction&quot;:&quot;out-in&quot;,&quot;background_motion_fx_devices&quot;:[&quot;desktop&quot;,&quot;tablet&quot;,&quot;mobile&quot;]}\">\n\t\t\t\t\t\t\t<div class=\"elementor-background-overlay\"><\/div>\n\t\t\t\t\t\t\t<div class=\"elementor-container elementor-column-gap-default\">\n\t\t\t\t\t<div class=\"elementor-column elementor-col-100 elementor-top-column elementor-element elementor-element-5fc85dff\" data-id=\"5fc85dff\" data-element_type=\"column\">\n\t\t\t<div class=\"elementor-widget-wrap elementor-element-populated\">\n\t\t\t\t\t\t<section class=\"elementor-section elementor-inner-section elementor-element elementor-element-2c23af21 elementor-section-boxed elementor-section-height-default elementor-section-height-default\" data-id=\"2c23af21\" data-element_type=\"section\">\n\t\t\t\t\t\t<div class=\"elementor-container elementor-column-gap-default\">\n\t\t\t\t\t<div class=\"elementor-column elementor-col-50 elementor-inner-column elementor-element elementor-element-659c1f8d\" data-id=\"659c1f8d\" data-element_type=\"column\">\n\t\t\t<div class=\"elementor-widget-wrap elementor-element-populated\">\n\t\t\t\t\t\t<div class=\"elementor-element elementor-element-66063c9d elementor-invisible elementor-widget elementor-widget-global elementor-global-1593 elementor-widget-heading\" data-id=\"66063c9d\" data-element_type=\"widget\" data-settings=\"{&quot;motion_fx_motion_fx_scrolling&quot;:&quot;yes&quot;,&quot;_animation&quot;:&quot;fadeInUp&quot;,&quot;motion_fx_devices&quot;:[&quot;desktop&quot;,&quot;tablet&quot;,&quot;mobile&quot;]}\" data-widget_type=\"heading.default\">\n\t\t\t\t<div class=\"elementor-widget-container\">\n\t\t\t\t\t<h2 class=\"elementor-heading-title elementor-size-default\">La teva aventura gastron\u00f2mica t&#039;espera<\/h2>\t\t\t\t<\/div>\n\t\t\t\t<\/div>\n\t\t\t\t<div class=\"elementor-element elementor-element-2b4c4849 animated-slow elementor-invisible elementor-widget elementor-widget-global elementor-global-1596 elementor-widget-text-editor\" data-id=\"2b4c4849\" data-element_type=\"widget\" data-settings=\"{&quot;motion_fx_motion_fx_scrolling&quot;:&quot;yes&quot;,&quot;_animation&quot;:&quot;fadeInUp&quot;,&quot;motion_fx_devices&quot;:[&quot;desktop&quot;,&quot;tablet&quot;,&quot;mobile&quot;]}\" data-widget_type=\"text-editor.default\">\n\t\t\t\t<div class=\"elementor-widget-container\">\n\t\t\t\t\t\t\t\t\t<div class=\"card-body\"><p class=\"text-white opacity-75 aos-init aos-animate\" data-aos=\"fade-up\" data-aos-delay=\"100\">Assegura el teu lloc a Thai Barcelona i embarca&#039;t en un viatge gastron\u00f2mic inoblidable<\/p><\/div>\t\t\t\t\t\t\t\t<\/div>\n\t\t\t\t<\/div>\n\t\t\t\t<div class=\"elementor-element elementor-element-575e1872 elementor-mobile-align-left elementor-invisible elementor-widget elementor-widget-global elementor-global-1590 elementor-widget-button\" data-id=\"575e1872\" data-element_type=\"widget\" data-settings=\"{&quot;_animation&quot;:&quot;fadeInUp&quot;}\" data-widget_type=\"button.default\">\n\t\t\t\t<div class=\"elementor-widget-container\">\n\t\t\t\t\t\t\t\t\t<div class=\"elementor-button-wrapper\">\n\t\t\t\t\t<a class=\"elementor-button elementor-button-link elementor-size-sm\" href=\"https:\/\/www.thaibarcelona.es\/ca\/contacte\/\">\n\t\t\t\t\t\t<span class=\"elementor-button-content-wrapper\">\n\t\t\t\t\t\t\t\t\t<span class=\"elementor-button-text\">Contactar<\/span>\n\t\t\t\t\t<\/span>\n\t\t\t\t\t<\/a>\n\t\t\t\t<\/div>\n\t\t\t\t\t\t\t\t<\/div>\n\t\t\t\t<\/div>\n\t\t\t\t\t<\/div>\n\t\t<\/div>\n\t\t\t\t<div class=\"elementor-column elementor-col-50 elementor-inner-column elementor-element elementor-element-28a2fa57\" data-id=\"28a2fa57\" data-element_type=\"column\">\n\t\t\t<div class=\"elementor-widget-wrap\">\n\t\t\t\t\t\t\t<\/div>\n\t\t<\/div>\n\t\t\t\t\t<\/div>\n\t\t<\/section>\n\t\t\t\t\t<\/div>\n\t\t<\/div>\n\t\t\t\t\t<\/div>\n\t\t<\/section>\n\t\t\t\t<\/div>","protected":false},"excerpt":{"rendered":"<p>Tu aventura gastron\u00f3mica te espera Reserva tu mesa en Thai Barcelona y emb\u00e1rcate en un viaje culinario inolvidable. Grupos y eventos Online Booking Todos los d\u00edas de la semana Comidas y cenas 100% Thai Experience Visa, Master Card, Diners Club, American Express, Ticket Restaurant, Cheque Gourmet, Sodex-ho. Tu aventura gastron\u00f3mica te espera Asegura tu lugar [&hellip;]<\/p>","protected":false},"author":2,"featured_media":0,"parent":0,"menu_order":0,"comment_status":"closed","ping_status":"closed","template":"","meta":{"site-sidebar-layout":"no-sidebar","site-content-layout":"plain-container","ast-site-content-layout":"full-width-container","site-content-style":"unboxed","site-sidebar-style":"unboxed","ast-global-header-display":"","ast-banner-title-visibility":"","ast-main-header-display":"","ast-hfb-above-header-display":"","ast-hfb-below-header-display":"","ast-hfb-mobile-header-display":"","site-post-title":"","ast-breadcrumbs-content":"","ast-featured-img":"","footer-sml-layout":"","theme-transparent-header-meta":"enabled","adv-header-id-meta":"","stick-header-meta":"","header-above-stick-meta":"","header-main-stick-meta":"","header-below-stick-meta":"","astra-migrate-meta-layouts":"set","ast-page-background-enabled":"default","ast-page-background-meta":{"desktop":{"background-color":"","background-image":"","background-repeat":"repeat","background-position":"center center","background-size":"auto","background-attachment":"scroll","background-type":"","background-media":"","overlay-type":"","overlay-color":"","overlay-opacity":"","overlay-gradient":""},"tablet":{"background-color":"","background-image":"","background-repeat":"repeat","background-position":"center center","background-size":"auto","background-attachment":"scroll","background-type":"","background-media":"","overlay-type":"","overlay-color":"","overlay-opacity":"","overlay-gradient":""},"mobile":{"background-color":"","background-image":"","background-repeat":"repeat","background-position":"center center","background-size":"auto","background-attachment":"scroll","background-type":"","background-media":"","overlay-type":"","overlay-color":"","overlay-opacity":"","overlay-gradient":""}},"ast-content-background-meta":{"desktop":{"background-color":"var(--ast-global-color-5)","background-image":"","background-repeat":"repeat","background-position":"center center","background-size":"auto","background-attachment":"scroll","background-type":"","background-media":"","overlay-type":"","overlay-color":"","overlay-opacity":"","overlay-gradient":""},"tablet":{"background-color":"var(--ast-global-color-5)","background-image":"","background-repeat":"repeat","background-position":"center center","background-size":"auto","background-attachment":"scroll","background-type":"","background-media":"","overlay-type":"","overlay-color":"","overlay-opacity":"","overlay-gradient":""},"mobile":{"background-color":"var(--ast-global-color-5)","background-image":"","background-repeat":"repeat","background-position":"center center","background-size":"auto","background-attachment":"scroll","background-type":"","background-media":"","overlay-type":"","overlay-color":"","overlay-opacity":"","overlay-gradient":""}},"footnotes":""},"class_list":["post-1552","page","type-page","status-publish","hentry"],"_links":{"self":[{"href":"https:\/\/www.thaibarcelona.es\/ca\/wp-json\/wp\/v2\/pages\/1552","targetHints":{"allow":["GET"]}}],"collection":[{"href":"https:\/\/www.thaibarcelona.es\/ca\/wp-json\/wp\/v2\/pages"}],"about":[{"href":"https:\/\/www.thaibarcelona.es\/ca\/wp-json\/wp\/v2\/types\/page"}],"author":[{"embeddable":true,"href":"https:\/\/www.thaibarcelona.es\/ca\/wp-json\/wp\/v2\/users\/2"}],"replies":[{"embeddable":true,"href":"https:\/\/www.thaibarcelona.es\/ca\/wp-json\/wp\/v2\/comments?post=1552"}],"version-history":[{"count":46,"href":"https:\/\/www.thaibarcelona.es\/ca\/wp-json\/wp\/v2\/pages\/1552\/revisions"}],"predecessor-version":[{"id":2533,"href":"https:\/\/www.thaibarcelona.es\/ca\/wp-json\/wp\/v2\/pages\/1552\/revisions\/2533"}],"wp:attachment":[{"href":"https:\/\/www.thaibarcelona.es\/ca\/wp-json\/wp\/v2\/media?parent=1552"}],"curies":[{"name":"wp","href":"https:\/\/api.w.org\/{rel}","templated":true}]}}